{"id":705,"date":"2020-05-17T19:12:43","date_gmt":"2020-05-17T19:12:43","guid":{"rendered":"http:\/\/wp.tierarztpraxis-bernauer.de\/?page_id=705"},"modified":"2023-01-14T16:57:40","modified_gmt":"2023-01-14T16:57:40","slug":"notfall","status":"publish","type":"page","link":"https:\/\/www.tierarztpraxis-bernauer.de\/?page_id=705","title":{"rendered":"Notfall"},"content":{"rendered":"\n<p><strong>F\u00fcr Notf\u00e4lle au\u00dferhalb der Sprechzeiten sind wir f\u00fcr <span style=\"text-decoration: underline;\"><mark style=\"background-color:rgba(0, 0, 0, 0);color:#695b49\" class=\"has-inline-color\">unsere Kunden<\/mark><\/span> 24\u00a0h erreichbar, wir bitten jedoch um eine telefonische Anmeldung unter Telefon:  <a href=\"tel:+4975789339300\">07578\u00a09339300<\/a>.<\/strong><\/p>\n\n\n\n<p>Au\u00dferhalb der \u00d6ffnungszeiten wird auf dem Praxisanrufbeantworter&nbsp;die Handynummer unserer Tier\u00e4rztinnen angegeben.<\/p>\n","protected":false},"excerpt":{"rendered":"<p>F\u00fcr Notf\u00e4lle au\u00dferhalb der Sprechzeiten sind wir f\u00fcr unsere Kunden 24\u00a0h erreichbar, wir bitten jedoch um eine telefonische Anmeldung unter Telefon: 07578\u00a09339300. Au\u00dferhalb der \u00d6ffnungszeiten wird auf dem Praxisanrufbeantworter&nbsp;die Handynummer unserer Tier\u00e4rztinnen angegeben.<\/p>\n","protected":false},"author":1,"featured_media":0,"parent":627,"menu_order":-1,"comment_status":"closed","ping_status":"closed","template":"","meta":{"advanced_seo_description":"","jetpack_seo_html_title":"","jetpack_seo_noindex":false,"footnotes":""},"class_list":["post-705","page","type-page","status-publish","hentry"],"jetpack_sharing_enabled":true,"_links":{"self":[{"href":"https:\/\/www.tierarztpraxis-bernauer.de\/index.php?rest_route=\/wp\/v2\/pages\/705"}],"collection":[{"href":"https:\/\/www.tierarztpraxis-bernauer.de\/index.php?rest_route=\/wp\/v2\/pages"}],"about":[{"href":"https:\/\/www.tierarztpraxis-bernauer.de\/index.php?rest_route=\/wp\/v2\/types\/page"}],"author":[{"embeddable":true,"href":"https:\/\/www.tierarztpraxis-bernauer.de\/index.php?rest_route=\/wp\/v2\/users\/1"}],"replies":[{"embeddable":true,"href":"https:\/\/www.tierarztpraxis-bernauer.de\/index.php?rest_route=%2Fwp%2Fv2%2Fcomments&post=705"}],"version-history":[{"count":8,"href":"https:\/\/www.tierarztpraxis-bernauer.de\/index.php?rest_route=\/wp\/v2\/pages\/705\/revisions"}],"predecessor-version":[{"id":1653,"href":"https:\/\/www.tierarztpraxis-bernauer.de\/index.php?rest_route=\/wp\/v2\/pages\/705\/revisions\/1653"}],"up":[{"embeddable":true,"href":"https:\/\/www.tierarztpraxis-bernauer.de\/index.php?rest_route=\/wp\/v2\/pages\/627"}],"wp:attachment":[{"href":"https:\/\/www.tierarztpraxis-bernauer.de\/index.php?rest_route=%2Fwp%2Fv2%2Fmedia&parent=705"}],"curies":[{"name":"wp","href":"https:\/\/api.w.org\/{rel}","templated":true}]}}