{"id":662,"date":"2020-05-17T18:33:38","date_gmt":"2020-05-17T18:33:38","guid":{"rendered":"http:\/\/wp.tierarztpraxis-bernauer.de\/?page_id=662"},"modified":"2023-11-19T18:36:29","modified_gmt":"2023-11-19T18:36:29","slug":"aktuelles","status":"publish","type":"page","link":"https:\/\/www.tierarztpraxis-bernauer.de\/?page_id=662","title":{"rendered":"Aktuelles"},"content":{"rendered":"<ul class=\"wp-block-latest-posts__list wp-block-latest-posts\"><li><a class=\"wp-block-latest-posts__post-title\" href=\"https:\/\/www.tierarztpraxis-bernauer.de\/?p=2162\">\u00d6ffnungszeiten an den Feiertagen<\/a><\/li>\n<li><a class=\"wp-block-latest-posts__post-title\" href=\"https:\/\/www.tierarztpraxis-bernauer.de\/?p=1866\">Achtung ! AB 1.3.2024 KEINE Samstagssprechstunde mehr !<\/a><\/li>\n<li><a class=\"wp-block-latest-posts__post-title\" href=\"https:\/\/www.tierarztpraxis-bernauer.de\/?p=892\">&#10140; Infos f\u00fcr Tierbesitzer<\/a><\/li>\n<\/ul>\n\n\n<div style=\"height:20px\" aria-hidden=\"true\" class=\"wp-block-spacer\"><\/div>\n\n\n\n<ul class=\"wp-block-social-links has-icon-background-color is-style-pill-shape is-layout-flex wp-block-social-links-is-layout-flex\"><li style=\"background-color: #c4d14e; \" class=\"wp-social-link wp-social-link-facebook  wp-block-social-link\"><a href=\"https:\/\/de-de.facebook.com\/TierarztpraxisMartinaBernauer\" class=\"wp-block-social-link-anchor\"><svg width=\"24\" height=\"24\" viewBox=\"0 0 24 24\" version=\"1.1\" xmlns=\"http:\/\/www.w3.org\/2000\/svg\" aria-hidden=\"true\" focusable=\"false\"><path d=\"M12 2C6.5 2 2 6.5 2 12c0 5 3.7 9.1 8.4 9.9v-7H7.9V12h2.5V9.8c0-2.5 1.5-3.9 3.8-3.9 1.1 0 2.2.2 2.2.2v2.5h-1.3c-1.2 0-1.6.8-1.6 1.6V12h2.8l-.4 2.9h-2.3v7C18.3 21.1 22 17 22 12c0-5.5-4.5-10-10-10z\"><\/path><\/svg><span class=\"wp-block-social-link-label screen-reader-text\">Facebook<\/span><\/a><\/li>\n\n<li style=\"background-color: #c4d14e; \" class=\"wp-social-link wp-social-link-instagram  wp-block-social-link\"><a href=\"https:\/\/www.instagram.com\/tierarztpraxisbernauer\/\" class=\"wp-block-social-link-anchor\"><svg width=\"24\" height=\"24\" viewBox=\"0 0 24 24\" version=\"1.1\" xmlns=\"http:\/\/www.w3.org\/2000\/svg\" aria-hidden=\"true\" focusable=\"false\"><path d=\"M12,4.622c2.403,0,2.688,0.009,3.637,0.052c0.877,0.04,1.354,0.187,1.671,0.31c0.42,0.163,0.72,0.358,1.035,0.673 c0.315,0.315,0.51,0.615,0.673,1.035c0.123,0.317,0.27,0.794,0.31,1.671c0.043,0.949,0.052,1.234,0.052,3.637 s-0.009,2.688-0.052,3.637c-0.04,0.877-0.187,1.354-0.31,1.671c-0.163,0.42-0.358,0.72-0.673,1.035 c-0.315,0.315-0.615,0.51-1.035,0.673c-0.317,0.123-0.794,0.27-1.671,0.31c-0.949,0.043-1.233,0.052-3.637,0.052 s-2.688-0.009-3.637-0.052c-0.877-0.04-1.354-0.187-1.671-0.31c-0.42-0.163-0.72-0.358-1.035-0.673 c-0.315-0.315-0.51-0.615-0.673-1.035c-0.123-0.317-0.27-0.794-0.31-1.671C4.631,14.688,4.622,14.403,4.622,12 s0.009-2.688,0.052-3.637c0.04-0.877,0.187-1.354,0.31-1.671c0.163-0.42,0.358-0.72,0.673-1.035 c0.315-0.315,0.615-0.51,1.035-0.673c0.317-0.123,0.794-0.27,1.671-0.31C9.312,4.631,9.597,4.622,12,4.622 M12,3 C9.556,3,9.249,3.01,8.289,3.054C7.331,3.098,6.677,3.25,6.105,3.472C5.513,3.702,5.011,4.01,4.511,4.511 c-0.5,0.5-0.808,1.002-1.038,1.594C3.25,6.677,3.098,7.331,3.054,8.289C3.01,9.249,3,9.556,3,12c0,2.444,0.01,2.751,0.054,3.711 c0.044,0.958,0.196,1.612,0.418,2.185c0.23,0.592,0.538,1.094,1.038,1.594c0.5,0.5,1.002,0.808,1.594,1.038 c0.572,0.222,1.227,0.375,2.185,0.418C9.249,20.99,9.556,21,12,21s2.751-0.01,3.711-0.054c0.958-0.044,1.612-0.196,2.185-0.418 c0.592-0.23,1.094-0.538,1.594-1.038c0.5-0.5,0.808-1.002,1.038-1.594c0.222-0.572,0.375-1.227,0.418-2.185 C20.99,14.751,21,14.444,21,12s-0.01-2.751-0.054-3.711c-0.044-0.958-0.196-1.612-0.418-2.185c-0.23-0.592-0.538-1.094-1.038-1.594 c-0.5-0.5-1.002-0.808-1.594-1.038c-0.572-0.222-1.227-0.375-2.185-0.418C14.751,3.01,14.444,3,12,3L12,3z M12,7.378 c-2.552,0-4.622,2.069-4.622,4.622S9.448,16.622,12,16.622s4.622-2.069,4.622-4.622S14.552,7.378,12,7.378z M12,15 c-1.657,0-3-1.343-3-3s1.343-3,3-3s3,1.343,3,3S13.657,15,12,15z M16.804,6.116c-0.596,0-1.08,0.484-1.08,1.08 s0.484,1.08,1.08,1.08c0.596,0,1.08-0.484,1.08-1.08S17.401,6.116,16.804,6.116z\"><\/path><\/svg><span class=\"wp-block-social-link-label screen-reader-text\">Instagram<\/span><\/a><\/li><\/ul>\n\n\n\n<div class=\"wp-block-group is-nowrap is-layout-flex wp-container-core-group-is-layout-1 wp-block-group-is-layout-flex\">\n<figure class=\"wp-block-image size-large is-resized\"><img data-recalc-dims=\"1\" loading=\"lazy\" decoding=\"async\" src=\"https:\/\/i0.wp.com\/www.tierarztpraxis-bernauer.de\/wp-content\/uploads\/2023\/11\/642A3956.jpg?resize=390%2C281&#038;ssl=1\" alt=\"\" class=\"wp-image-1837\" width=\"390\" height=\"281\" srcset=\"https:\/\/i0.wp.com\/www.tierarztpraxis-bernauer.de\/wp-content\/uploads\/2023\/11\/642A3956-scaled.jpg?resize=1024%2C739&amp;ssl=1 1024w, https:\/\/i0.wp.com\/www.tierarztpraxis-bernauer.de\/wp-content\/uploads\/2023\/11\/642A3956-scaled.jpg?resize=300%2C217&amp;ssl=1 300w, https:\/\/i0.wp.com\/www.tierarztpraxis-bernauer.de\/wp-content\/uploads\/2023\/11\/642A3956-scaled.jpg?resize=768%2C555&amp;ssl=1 768w, https:\/\/i0.wp.com\/www.tierarztpraxis-bernauer.de\/wp-content\/uploads\/2023\/11\/642A3956-scaled.jpg?resize=1536%2C1109&amp;ssl=1 1536w, https:\/\/i0.wp.com\/www.tierarztpraxis-bernauer.de\/wp-content\/uploads\/2023\/11\/642A3956-scaled.jpg?resize=2048%2C1479&amp;ssl=1 2048w, https:\/\/i0.wp.com\/www.tierarztpraxis-bernauer.de\/wp-content\/uploads\/2023\/11\/642A3956-scaled.jpg?resize=1140%2C823&amp;ssl=1 1140w, https:\/\/i0.wp.com\/www.tierarztpraxis-bernauer.de\/wp-content\/uploads\/2023\/11\/642A3956-scaled.jpg?w=1920&amp;ssl=1 1920w\" sizes=\"(max-width: 390px) 100vw, 390px\" \/><\/figure>\n\n\n\n<p>Wir freuen uns \u00fcber unsere 3 neuen Mitarbeiter*innen in der Praxis!<\/p>\n\n\n\n<p><\/p>\n\n\n\n<p><\/p>\n\n\n\n<p><\/p>\n<\/div>\n\n\n\n<p>Nina G\u00f6ttelmann (Tiermedizinische Fachangestellte), Elias Hagen (Tierarzt) und Sandra Wendel (Tierheilpraktikerin)<\/p>\n\n\n<div class=\"cff-wrapper\">\t<h3 class=\"cff-header  cff-outside\"  style=\"background-color:#CBCF47;padding:15px;font-size:16px;color:#FFFFFF;\" >\n\t\t<span class=\"fa fab fa-facebook\"  style=\"color:#FFFFFF;font-size:20px;\"  aria-hidden=\"true\"><\/span>\n\t\t<span class=\"header-text\">Aktuelle Posts auf Facebook<\/span>\n\t<\/h3>\n\t<div class=\"cff-wrapper-ctn \" ><div id=\"cff\"  class=\"cff cff-list-container  cff-default-styles  cff-mob-cols-1 cff-tab-cols-1\"   style=\"width:100%;\"   data-char=\"400\"  data-cff-flags=\"gdpr\" ><div class=\"cff-posts-wrap\"><div id=\"cff_1531448240510618_1395901305893344\" class=\"cff-item cff-status-post cff-album cff-box author-tierarztpraxis-martina-bernauer\" >\n\t<div class=\"cff-author\">\n\t<div class=\"cff-author-text\">\n\t\t\t\t\t<div class=\"cff-page-name cff-author-date\" >\n\t\t\t\t<a href=\"https:\/\/facebook.com\/1531448240510618\" target=\"_blank\" rel=\"nofollow noopener\" >Tierarztpraxis Martina Bernauer<\/a>\n\t\t\t\t<span class=\"cff-story\"> <\/span>\n\t\t\t<\/div>\n\t\t\t\n<p class=\"cff-date\" > 1 week ago <\/p>\n\t\t\t<\/div>\n\t<div class=\"cff-author-img  cff-no-consent\" data-avatar=\"https:\/\/scontent-fra5-2.xx.fbcdn.net\/v\/t39.30808-1\/311881202_482724237211060_4791303459467501384_n.jpg?stp=c89.0.1484.1484a_cp0_dst-jpg_s50x50_tt6&#038;_nc_cat=106&#038;ccb=1-7&#038;_nc_sid=f907e8&#038;_nc_ohc=1FEy3lF_6rYQ7kNvwEiT3a0&#038;_nc_oc=AdpsBL1DUCb8blFPwZQNv3H1MljYgtHzj6_kVXUpoNFX-fEYwnLW1Bq8TgYogJQhsthbnTDCsypHH9UV7ErPXbP4&#038;_nc_zt=24&#038;_nc_ht=scontent-fra5-2.xx&#038;edm=AKIiGfEEAAAA&#038;_nc_gid=Mxl_JCmQnwmttKTQHHF7Yg&#038;_nc_tpa=Q5bMBQHNmf3kE_uumYY0_ShSQKvS2YAHZa_dvyTXFnKTPxLJLwgMQc9VySz0J17_IPzOmFe5RGy8nGTRog&#038;oh=00_Af1msduY3lelrq5Yx8bv6PzTISJgb2vhpF0LNhVSzWRjRA&#038;oe=69F8EB31\">\n\t\t<a href=\"https:\/\/facebook.com\/1531448240510618\" target=\"_blank\" rel=\"nofollow noopener\" ><img data-recalc-dims=\"1\" decoding=\"async\" src=\"https:\/\/i0.wp.com\/www.tierarztpraxis-bernauer.de\/wp-content\/plugins\/custom-facebook-feed\/\/assets\/img\/placeholder.png?resize=40%2C40&#038;ssl=1\" title=\"Tierarztpraxis Martina Bernauer\" alt=\"Tierarztpraxis Martina Bernauer\" width=\"40\" height=\"40\" onerror=\"this.style.display='none'\"><\/a>\n\t<\/div>\n<\/div>\n\n<div class=\"cff-post-text\" >\n\t<span class=\"cff-text\" data-color=\"\">\n\t\tAm Wochenende sind zwei neue Praxis Mitbewohner eingezogen. Ein gemeinsames Projekt unserer Tiermedizinischen Fachangestellten : Terrarium planen, selber bauen und einrichten, alles \u00fcber die Haltung und das Handling lernen und dann konnten die zwei h\u00fcbschen Boas bei uns einziehen, die \u00fcbrigens aus einer Beschlagnahmung stammen und uns durch die @reptilienauffangstation in M\u00fcnchen vermittelt wurden.<img class=\"cff-linebreak\" \/><img class=\"cff-linebreak\" \/><a href=\"https:\/\/facebook.com\/1929349583806938\">#reptilienauffangstationm\u00fcnchen<\/a> <a href=\"https:\/\/facebook.com\/106529489546725\">#reptilien<\/a>#TFAprojekt#Boa\t\t\t<\/span>\n\t<span class=\"cff-expand\">... <a href=\"#\" style=\"color: #\"><span class=\"cff-more\">See More<\/span><span class=\"cff-less\">See Less<\/span><\/a><\/span>\n\n<\/div>\n\n<p class=\"cff-media-link\">\n\t<a href=\"https:\/\/www.facebook.com\/508630811287069\/posts\/1395901305893344\" target=\"_blank\" style=\"color: #\">\n\t\t<span style=\"padding-right: 5px;\" class=\"fa fas fa-picture-o fa-image\"><\/span>Photo\t<\/a>\n<\/p>\n\t\t<div class=\"cff-post-links\">\n\t\t\t\t\t<a class=\"cff-viewpost-facebook\" href=\"https:\/\/www.facebook.com\/508630811287069\/posts\/1395901305893344\" title=\"View on Facebook\" target=\"_blank\" rel=\"nofollow noopener\" >View on Facebook<\/a>\n\t\t\t\t\t\t\t<div class=\"cff-share-container\">\n\t\t\t\t\t\t\t\t\t<span class=\"cff-dot\" >&middot;<\/span>\n\t\t\t\t\t\t\t\t<a class=\"cff-share-link\" href=\"https:\/\/www.facebook.com\/sharer\/sharer.php?u=https%3A%2F%2Fwww.facebook.com%2F508630811287069%2Fposts%2F1395901305893344\" title=\"Share\" >Share<\/a>\n\t\t\t\t<p class=\"cff-share-tooltip\">\n\t\t\t\t\t\t\t\t\t\t\t<a href=\"https:\/\/www.facebook.com\/sharer\/sharer.php?u=https%3A%2F%2Fwww.facebook.com%2F508630811287069%2Fposts%2F1395901305893344\" target=\"_blank\" rel=\"noopener noreferrer\" class=\"cff-facebook-icon\">\n\t\t\t\t\t\t\t<span class=\"fa fab fa-facebook-square\" aria-hidden=\"true\"><\/span>\n\t\t\t\t\t\t\t<span class=\"cff-screenreader\">Auf Facebook teilen<\/span>\n\t\t\t\t\t\t<\/a>\n\t\t\t\t\t\t\t\t\t\t\t<a href=\"https:\/\/twitter.com\/intent\/tweet?text=https%3A%2F%2Fwww.facebook.com%2F508630811287069%2Fposts%2F1395901305893344\" target=\"_blank\" rel=\"noopener noreferrer\" class=\"cff-twitter-icon\">\n\t\t\t\t\t\t\t<span class=\"fa fab fa-twitter\" aria-hidden=\"true\"><\/span>\n\t\t\t\t\t\t\t<span class=\"cff-screenreader\">Auf Twitter teilen<\/span>\n\t\t\t\t\t\t<\/a>\n\t\t\t\t\t\t\t\t\t\t\t<a href=\"https:\/\/www.linkedin.com\/shareArticle?mini=true&#038;url=https%3A%2F%2Fwww.facebook.com%2F508630811287069%2Fposts%2F1395901305893344&#038;title=%09%09%09Am%20Wochenende%20sind%20zwei%20neue%20Praxis%20Mitbewohner%20eingezogen.%20Ein%20gemeinsames%20Projekt%20unserer%20Tiermedizinischen%20Fachangestellten%20%3A%20Terrarium%20planen%2C%20selber%20bauen%20und%20einrichten%2C%20alles%20%C3%BCber%20die%20Haltung%20und%20das%20Handling%20lernen%20und%20dann%20konnten%20die%20zwei%20h%C3%BCbschen%20Boas%20bei%20uns%20einziehen%2C%20die%20%C3%BCbrigens%20aus%20einer%20Beschlagnahmung%20stammen%20und%20uns%20durch%20die%20%40reptilienauffangstation%20in%20M%C3%BCnchen%20vermittelt%20wurden.%23reptilienauffangstationm%C3%BCnchen%20%23reptilien%23TFAprojekt%23Boa%09%09%09%09\" target=\"_blank\" rel=\"noopener noreferrer\" class=\"cff-linkedin-icon\">\n\t\t\t\t\t\t\t<span class=\"fa fab fa-linkedin\" aria-hidden=\"true\"><\/span>\n\t\t\t\t\t\t\t<span class=\"cff-screenreader\">Auf LinkedIn teilen<\/span>\n\t\t\t\t\t\t<\/a>\n\t\t\t\t\t\t\t\t\t\t\t<a href=\"mailto:?subject=Facebook&#038;body=https%3A%2F%2Fwww.facebook.com%2F508630811287069%2Fposts%2F1395901305893344%20-%20%0A%0A%09%0A%09%09Am%20Wochenende%20sind%20zwei%20neue%20Praxis%20Mitbewohner%20eingezogen.%20Ein%20gemeinsames%20Projekt%20unserer%20Tiermedizinischen%20Fachangestellten%20%3A%20Terrarium%20planen%2C%20selber%20bauen%20und%20einrichten%2C%20alles%20%C3%BCber%20die%20Haltung%20und%20das%20Handling%20lernen%20und%20dann%20konnten%20die%20zwei%20h%C3%BCbschen%20Boas%20bei%20uns%20einziehen%2C%20die%20%C3%BCbrigens%20aus%20einer%20Beschlagnahmung%20stammen%20und%20uns%20durch%20die%20%40reptilienauffangstation%20in%20M%C3%BCnchen%20vermittelt%20wurden.%23reptilienauffangstationm%C3%BCnchen%20%23reptilien%23TFAprojekt%23Boa%09%09%09%0A%09\" target=\"_blank\" rel=\"noopener noreferrer\" class=\"cff-email-icon\">\n\t\t\t\t\t\t\t<span class=\"fa fab fa-envelope\" aria-hidden=\"true\"><\/span>\n\t\t\t\t\t\t\t<span class=\"cff-screenreader\">Per E-Mail teilen<\/span>\n\t\t\t\t\t\t<\/a>\n\t\t\t\t\t\t\t\t\t<\/p>\n\t\t\t<\/div>\n\t\t\t<\/div>\n\t<\/div>\n\n\n\n<div id=\"cff_1531448240510618_1354239140059561\" class=\"cff-item cff-status-post cff-album cff-box author-tierarztpraxis-martina-bernauer\" >\n\t<div class=\"cff-author\">\n\t<div class=\"cff-author-text\">\n\t\t\t\t\t<div class=\"cff-page-name cff-author-date\" >\n\t\t\t\t<a href=\"https:\/\/facebook.com\/1531448240510618\" target=\"_blank\" rel=\"nofollow noopener\" >Tierarztpraxis Martina Bernauer<\/a>\n\t\t\t\t<span class=\"cff-story\"> <\/span>\n\t\t\t<\/div>\n\t\t\t\n<p class=\"cff-date\" > 2 months ago <\/p>\n\t\t\t<\/div>\n\t<div class=\"cff-author-img  cff-no-consent\" data-avatar=\"https:\/\/scontent-fra5-2.xx.fbcdn.net\/v\/t39.30808-1\/311881202_482724237211060_4791303459467501384_n.jpg?stp=c89.0.1484.1484a_cp0_dst-jpg_s50x50_tt6&#038;_nc_cat=106&#038;ccb=1-7&#038;_nc_sid=f907e8&#038;_nc_ohc=1FEy3lF_6rYQ7kNvwEiT3a0&#038;_nc_oc=AdpsBL1DUCb8blFPwZQNv3H1MljYgtHzj6_kVXUpoNFX-fEYwnLW1Bq8TgYogJQhsthbnTDCsypHH9UV7ErPXbP4&#038;_nc_zt=24&#038;_nc_ht=scontent-fra5-2.xx&#038;edm=AKIiGfEEAAAA&#038;_nc_gid=Mxl_JCmQnwmttKTQHHF7Yg&#038;_nc_tpa=Q5bMBQHNmf3kE_uumYY0_ShSQKvS2YAHZa_dvyTXFnKTPxLJLwgMQc9VySz0J17_IPzOmFe5RGy8nGTRog&#038;oh=00_Af1msduY3lelrq5Yx8bv6PzTISJgb2vhpF0LNhVSzWRjRA&#038;oe=69F8EB31\">\n\t\t<a href=\"https:\/\/facebook.com\/1531448240510618\" target=\"_blank\" rel=\"nofollow noopener\" ><img data-recalc-dims=\"1\" decoding=\"async\" src=\"https:\/\/i0.wp.com\/www.tierarztpraxis-bernauer.de\/wp-content\/plugins\/custom-facebook-feed\/\/assets\/img\/placeholder.png?resize=40%2C40&#038;ssl=1\" title=\"Tierarztpraxis Martina Bernauer\" alt=\"Tierarztpraxis Martina Bernauer\" width=\"40\" height=\"40\" onerror=\"this.style.display='none'\"><\/a>\n\t<\/div>\n<\/div>\n\n<div class=\"cff-post-text\" >\n\t<span class=\"cff-text\" data-color=\"\">\n\t\tTLC=Tender Loving Care<img class=\"cff-linebreak\" \/>bei der Versorgung von Babys aller Art genauso wichtig wie die Versorgung mit Milch oder anderen N\u00e4hrstoffen\u2764\ufe0f<img class=\"cff-linebreak\" \/>Lena Kraus unser Azubi hat ihre Lieblingsaufgabe gefunden<img class=\"cff-linebreak\" \/><img class=\"cff-linebreak\" \/><a href=\"https:\/\/facebook.com\/612585358769484\">#TLC<\/a> <a href=\"https:\/\/facebook.com\/174448336045260\">#tierbabys<\/a> <a href=\"https:\/\/facebook.com\/426415680777115\">#lamm<\/a> <a href=\"https:\/\/facebook.com\/631185406895512\">#azubi<\/a> <a href=\"https:\/\/facebook.com\/1393418104203278\">#tierarztpraxis<\/a>\t\t\t<\/span>\n\t<span class=\"cff-expand\">... <a href=\"#\" style=\"color: #\"><span class=\"cff-more\">See More<\/span><span class=\"cff-less\">See Less<\/span><\/a><\/span>\n\n<\/div>\n\n<p class=\"cff-media-link\">\n\t<a href=\"https:\/\/www.facebook.com\/508630811287069\/posts\/1354239140059561\" target=\"_blank\" style=\"color: #\">\n\t\t<span style=\"padding-right: 5px;\" class=\"fa fas fa-picture-o fa-image\"><\/span>Photo\t<\/a>\n<\/p>\n\t\t<div class=\"cff-post-links\">\n\t\t\t\t\t<a class=\"cff-viewpost-facebook\" href=\"https:\/\/www.facebook.com\/508630811287069\/posts\/1354239140059561\" title=\"View on Facebook\" target=\"_blank\" rel=\"nofollow noopener\" >View on Facebook<\/a>\n\t\t\t\t\t\t\t<div class=\"cff-share-container\">\n\t\t\t\t\t\t\t\t\t<span class=\"cff-dot\" >&middot;<\/span>\n\t\t\t\t\t\t\t\t<a class=\"cff-share-link\" href=\"https:\/\/www.facebook.com\/sharer\/sharer.php?u=https%3A%2F%2Fwww.facebook.com%2F508630811287069%2Fposts%2F1354239140059561\" title=\"Share\" >Share<\/a>\n\t\t\t\t<p class=\"cff-share-tooltip\">\n\t\t\t\t\t\t\t\t\t\t\t<a href=\"https:\/\/www.facebook.com\/sharer\/sharer.php?u=https%3A%2F%2Fwww.facebook.com%2F508630811287069%2Fposts%2F1354239140059561\" target=\"_blank\" rel=\"noopener noreferrer\" class=\"cff-facebook-icon\">\n\t\t\t\t\t\t\t<span class=\"fa fab fa-facebook-square\" aria-hidden=\"true\"><\/span>\n\t\t\t\t\t\t\t<span class=\"cff-screenreader\">Auf Facebook teilen<\/span>\n\t\t\t\t\t\t<\/a>\n\t\t\t\t\t\t\t\t\t\t\t<a href=\"https:\/\/twitter.com\/intent\/tweet?text=https%3A%2F%2Fwww.facebook.com%2F508630811287069%2Fposts%2F1354239140059561\" target=\"_blank\" rel=\"noopener noreferrer\" class=\"cff-twitter-icon\">\n\t\t\t\t\t\t\t<span class=\"fa fab fa-twitter\" aria-hidden=\"true\"><\/span>\n\t\t\t\t\t\t\t<span class=\"cff-screenreader\">Auf Twitter teilen<\/span>\n\t\t\t\t\t\t<\/a>\n\t\t\t\t\t\t\t\t\t\t\t<a href=\"https:\/\/www.linkedin.com\/shareArticle?mini=true&#038;url=https%3A%2F%2Fwww.facebook.com%2F508630811287069%2Fposts%2F1354239140059561&#038;title=%09%09%09TLC%3DTender%20Loving%20Carebei%20der%20Versorgung%20von%20Babys%20aller%20Art%20genauso%20wichtig%20wie%20die%20Versorgung%20mit%20Milch%20oder%20anderen%20N%C3%A4hrstoffen%E2%9D%A4%EF%B8%8FLena%20Kraus%20unser%20Azubi%20hat%20ihre%20Lieblingsaufgabe%20gefunden%23TLC%20%23tierbabys%20%23lamm%20%23azubi%20%23tierarztpraxis%09%09%09%09\" target=\"_blank\" rel=\"noopener noreferrer\" class=\"cff-linkedin-icon\">\n\t\t\t\t\t\t\t<span class=\"fa fab fa-linkedin\" aria-hidden=\"true\"><\/span>\n\t\t\t\t\t\t\t<span class=\"cff-screenreader\">Auf LinkedIn teilen<\/span>\n\t\t\t\t\t\t<\/a>\n\t\t\t\t\t\t\t\t\t\t\t<a href=\"mailto:?subject=Facebook&#038;body=https%3A%2F%2Fwww.facebook.com%2F508630811287069%2Fposts%2F1354239140059561%20-%20%0A%0A%09%0A%09%09TLC%3DTender%20Loving%20Carebei%20der%20Versorgung%20von%20Babys%20aller%20Art%20genauso%20wichtig%20wie%20die%20Versorgung%20mit%20Milch%20oder%20anderen%20N%C3%A4hrstoffen%E2%9D%A4%EF%B8%8FLena%20Kraus%20unser%20Azubi%20hat%20ihre%20Lieblingsaufgabe%20gefunden%23TLC%20%23tierbabys%20%23lamm%20%23azubi%20%23tierarztpraxis%09%09%09%0A%09\" target=\"_blank\" rel=\"noopener noreferrer\" class=\"cff-email-icon\">\n\t\t\t\t\t\t\t<span class=\"fa fab fa-envelope\" aria-hidden=\"true\"><\/span>\n\t\t\t\t\t\t\t<span class=\"cff-screenreader\">Per E-Mail teilen<\/span>\n\t\t\t\t\t\t<\/a>\n\t\t\t\t\t\t\t\t\t<\/p>\n\t\t\t<\/div>\n\t\t\t<\/div>\n\t<\/div>\n\n\n\n<\/div><input class=\"cff-pag-url\" type=\"hidden\" data-locatornonce=\"4659b200bf\" data-cff-shortcode=\"{&quot;feed&quot;: &quot;1&quot;}\" data-post-id=\"662\" data-feed-id=\"1531448240510618\"><\/div><\/div><div class=\"cff-clear\"><\/div><\/div>\n\n\n\n<p><\/p>\n\n\n\n<p><\/p>\n","protected":false},"excerpt":{"rendered":"<p>Wir freuen uns \u00fcber unsere 3 neuen Mitarbeiter*innen in der Praxis! Nina G\u00f6ttelmann (Tiermedizinische Fachangestellte), Elias Hagen (Tierarzt) und Sandra Wendel (Tierheilpraktikerin)<\/p>\n","protected":false},"author":1,"featured_media":0,"parent":627,"menu_order":0,"comment_status":"closed","ping_status":"closed","template":"","meta":{"advanced_seo_description":"","jetpack_seo_html_title":"","jetpack_seo_noindex":false,"footnotes":""},"class_list":["post-662","page","type-page","status-publish","hentry"],"jetpack_sharing_enabled":true,"_links":{"self":[{"href":"https:\/\/www.tierarztpraxis-bernauer.de\/index.php?rest_route=\/wp\/v2\/pages\/662"}],"collection":[{"href":"https:\/\/www.tierarztpraxis-bernauer.de\/index.php?rest_route=\/wp\/v2\/pages"}],"about":[{"href":"https:\/\/www.tierarztpraxis-bernauer.de\/index.php?rest_route=\/wp\/v2\/types\/page"}],"author":[{"embeddable":true,"href":"https:\/\/www.tierarztpraxis-bernauer.de\/index.php?rest_route=\/wp\/v2\/users\/1"}],"replies":[{"embeddable":true,"href":"https:\/\/www.tierarztpraxis-bernauer.de\/index.php?rest_route=%2Fwp%2Fv2%2Fcomments&post=662"}],"version-history":[{"count":32,"href":"https:\/\/www.tierarztpraxis-bernauer.de\/index.php?rest_route=\/wp\/v2\/pages\/662\/revisions"}],"predecessor-version":[{"id":1846,"href":"https:\/\/www.tierarztpraxis-bernauer.de\/index.php?rest_route=\/wp\/v2\/pages\/662\/revisions\/1846"}],"up":[{"embeddable":true,"href":"https:\/\/www.tierarztpraxis-bernauer.de\/index.php?rest_route=\/wp\/v2\/pages\/627"}],"wp:attachment":[{"href":"https:\/\/www.tierarztpraxis-bernauer.de\/index.php?rest_route=%2Fwp%2Fv2%2Fmedia&parent=662"}],"curies":[{"name":"wp","href":"https:\/\/api.w.org\/{rel}","templated":true}]}}