{"id":660,"date":"2020-05-17T18:33:38","date_gmt":"2020-05-17T18:33:38","guid":{"rendered":"http:\/\/wp.tierarztpraxis-bernauer.de\/?page_id=660"},"modified":"2023-01-19T13:59:57","modified_gmt":"2023-01-19T13:59:57","slug":"grosstiere","status":"publish","type":"page","link":"https:\/\/www.tierarztpraxis-bernauer.de\/?page_id=660","title":{"rendered":"Gro\u00dftierpraxis"},"content":{"rendered":"\n<figure class=\"wp-block-image size-large is-style-default\"><img data-recalc-dims=\"1\" loading=\"lazy\" decoding=\"async\" width=\"960\" height=\"131\" src=\"https:\/\/i0.wp.com\/www.tierarztpraxis-bernauer.de\/wp-content\/uploads\/2022\/09\/wolle-schaf-braun-02-1.jpg?resize=960%2C131&#038;ssl=1\" alt=\"\" class=\"wp-image-1216\" srcset=\"https:\/\/i0.wp.com\/www.tierarztpraxis-bernauer.de\/wp-content\/uploads\/2022\/09\/wolle-schaf-braun-02-1.jpg?resize=1024%2C140&amp;ssl=1 1024w, https:\/\/i0.wp.com\/www.tierarztpraxis-bernauer.de\/wp-content\/uploads\/2022\/09\/wolle-schaf-braun-02-1.jpg?resize=300%2C41&amp;ssl=1 300w, https:\/\/i0.wp.com\/www.tierarztpraxis-bernauer.de\/wp-content\/uploads\/2022\/09\/wolle-schaf-braun-02-1.jpg?resize=768%2C105&amp;ssl=1 768w, https:\/\/i0.wp.com\/www.tierarztpraxis-bernauer.de\/wp-content\/uploads\/2022\/09\/wolle-schaf-braun-02-1.jpg?resize=1140%2C155&amp;ssl=1 1140w, https:\/\/i0.wp.com\/www.tierarztpraxis-bernauer.de\/wp-content\/uploads\/2022\/09\/wolle-schaf-braun-02-1.jpg?w=1504&amp;ssl=1 1504w\" sizes=\"(max-width: 960px) 100vw, 960px\" \/><\/figure>\n\n\n\n<div style=\"height:20px\" aria-hidden=\"true\" class=\"wp-block-spacer\"><\/div>\n\n\n\n<h5 class=\"wp-block-heading\">Wir behandeln und betreuen: <\/h5>\n\n\n\n<div class=\"wp-block-columns is-layout-flex wp-container-core-columns-is-layout-10 wp-block-columns-is-layout-flex\">\n<div class=\"wp-block-column is-layout-flow wp-block-column-is-layout-flow\">\n<div class=\"wp-block-columns has-background is-layout-flex wp-container-core-columns-is-layout-5 wp-block-columns-is-layout-flex\" style=\"background-color:#695b4914\">\n<div class=\"wp-block-column is-vertically-aligned-top is-layout-flow wp-block-column-is-layout-flow\" style=\"flex-basis:50%\">\n<div style=\"height:40px\" aria-hidden=\"true\" class=\"wp-block-spacer\"><\/div>\n\n\n\n<ul class=\"wp-block-list\">\n<li><strong><a href=\"#Rinder_\">Rinder<\/a><\/strong><\/li>\n\n\n\n<li><strong><a href=\"#Rinder_\">Schweine<\/a><\/strong><\/li>\n\n\n\n<li><strong><a href=\"#Rinder_\">Kleine Wiederk\u00e4uer<\/a><\/strong><\/li>\n\n\n\n<li><strong><a href=\"#Pferde_Esel\">Pferde<\/a><\/strong><\/li>\n\n\n\n<li><strong><a href=\"#Pferde_Esel\">Esel<\/a><\/strong><\/li>\n\n\n\n<li><strong><a href=\"#Rinder_\">Neu- und Altweltkameliden<\/a><\/strong><\/li>\n<\/ul>\n<\/div>\n\n\n\n<div class=\"wp-block-column is-layout-flow wp-block-column-is-layout-flow\" style=\"flex-basis:50%\">\n<div class=\"wp-block-columns is-layout-flex wp-container-core-columns-is-layout-4 wp-block-columns-is-layout-flex\">\n<div class=\"wp-block-column is-vertically-aligned-bottom has-background is-layout-flow wp-block-column-is-layout-flow\" style=\"background-color:#f1f2e9;flex-basis:100%\">\n<div style=\"height:29px\" aria-hidden=\"true\" class=\"wp-block-spacer\"><\/div>\n\n\n\n<div class=\"wp-block-columns is-layout-flex wp-container-core-columns-is-layout-3 wp-block-columns-is-layout-flex\">\n<div class=\"wp-block-column is-layout-flow wp-block-column-is-layout-flow\">\n<div class=\"wp-block-columns is-layout-flex wp-container-core-columns-is-layout-1 wp-block-columns-is-layout-flex\">\n<div class=\"wp-block-column has-background is-layout-flow wp-block-column-is-layout-flow\" style=\"background-color:#c4d14e\">\n<figure class=\"wp-block-image size-large\"><img data-recalc-dims=\"1\" loading=\"lazy\" decoding=\"async\" width=\"960\" height=\"640\" src=\"https:\/\/i0.wp.com\/www.tierarztpraxis-bernauer.de\/wp-content\/uploads\/2022\/09\/grosstiere-02.jpg?resize=960%2C640&#038;ssl=1\" alt=\"\" class=\"wp-image-1226\" srcset=\"https:\/\/i0.wp.com\/www.tierarztpraxis-bernauer.de\/wp-content\/uploads\/2022\/09\/grosstiere-02.jpg?resize=1024%2C683&amp;ssl=1 1024w, https:\/\/i0.wp.com\/www.tierarztpraxis-bernauer.de\/wp-content\/uploads\/2022\/09\/grosstiere-02.jpg?resize=300%2C200&amp;ssl=1 300w, https:\/\/i0.wp.com\/www.tierarztpraxis-bernauer.de\/wp-content\/uploads\/2022\/09\/grosstiere-02.jpg?resize=768%2C512&amp;ssl=1 768w, https:\/\/i0.wp.com\/www.tierarztpraxis-bernauer.de\/wp-content\/uploads\/2022\/09\/grosstiere-02.jpg?resize=1536%2C1024&amp;ssl=1 1536w, https:\/\/i0.wp.com\/www.tierarztpraxis-bernauer.de\/wp-content\/uploads\/2022\/09\/grosstiere-02.jpg?resize=1140%2C760&amp;ssl=1 1140w, https:\/\/i0.wp.com\/www.tierarztpraxis-bernauer.de\/wp-content\/uploads\/2022\/09\/grosstiere-02.jpg?w=1680&amp;ssl=1 1680w\" sizes=\"(max-width: 960px) 100vw, 960px\" \/><\/figure>\n<\/div>\n<\/div>\n\n\n\n<div class=\"wp-block-columns is-layout-flex wp-container-core-columns-is-layout-2 wp-block-columns-is-layout-flex\">\n<div class=\"wp-block-column is-vertically-aligned-center has-background is-layout-flow wp-block-column-is-layout-flow\" style=\"background-color:#c4d14e;flex-basis:100%\">\n<figure class=\"wp-block-image size-large is-style-default\"><img data-recalc-dims=\"1\" loading=\"lazy\" decoding=\"async\" width=\"960\" height=\"640\" src=\"https:\/\/i0.wp.com\/www.tierarztpraxis-bernauer.de\/wp-content\/uploads\/2022\/09\/feckel-01.jpg?resize=960%2C640&#038;ssl=1\" alt=\"\" class=\"wp-image-1225\" srcset=\"https:\/\/i0.wp.com\/www.tierarztpraxis-bernauer.de\/wp-content\/uploads\/2022\/09\/feckel-01.jpg?resize=1024%2C683&amp;ssl=1 1024w, https:\/\/i0.wp.com\/www.tierarztpraxis-bernauer.de\/wp-content\/uploads\/2022\/09\/feckel-01.jpg?resize=300%2C200&amp;ssl=1 300w, https:\/\/i0.wp.com\/www.tierarztpraxis-bernauer.de\/wp-content\/uploads\/2022\/09\/feckel-01.jpg?resize=768%2C512&amp;ssl=1 768w, https:\/\/i0.wp.com\/www.tierarztpraxis-bernauer.de\/wp-content\/uploads\/2022\/09\/feckel-01.jpg?resize=1536%2C1024&amp;ssl=1 1536w, https:\/\/i0.wp.com\/www.tierarztpraxis-bernauer.de\/wp-content\/uploads\/2022\/09\/feckel-01.jpg?resize=1140%2C760&amp;ssl=1 1140w, https:\/\/i0.wp.com\/www.tierarztpraxis-bernauer.de\/wp-content\/uploads\/2022\/09\/feckel-01.jpg?w=1680&amp;ssl=1 1680w\" sizes=\"(max-width: 960px) 100vw, 960px\" \/><\/figure>\n<\/div>\n<\/div>\n<\/div>\n<\/div>\n<\/div>\n<\/div>\n<\/div>\n<\/div>\n\n\n\n<div class=\"wp-block-columns is-layout-flex wp-container-core-columns-is-layout-6 wp-block-columns-is-layout-flex\">\n<div class=\"wp-block-column is-layout-flow wp-block-column-is-layout-flow\">\n<h3 class=\"wp-block-heading\">Unsere Leistungen im Nutztierbereich<br>(nat\u00fcrlich auch f\u00fcr Hobbyhaltung):<\/h3>\n<\/div>\n<\/div>\n\n\n\n<h4 class=\"wp-block-heading\" id=\"Rinder_\">Rinder, Schweine, kleine Wiederk\u00e4uer, Neu- und Altweltkameliden<\/h4>\n\n\n\n<div class=\"wp-block-columns is-layout-flex wp-container-core-columns-is-layout-9 wp-block-columns-is-layout-flex\">\n<div class=\"wp-block-column is-layout-flow wp-block-column-is-layout-flow\">\n<div class=\"wp-block-columns has-background is-layout-flex wp-container-core-columns-is-layout-8 wp-block-columns-is-layout-flex\" style=\"background-color:#695b4914\">\n<div class=\"wp-block-column is-layout-flow wp-block-column-is-layout-flow\" style=\"flex-basis:100%\">\n<div style=\"height:30px\" aria-hidden=\"true\" class=\"wp-block-spacer\"><\/div>\n\n\n\n<div class=\"wp-block-columns is-layout-flex wp-container-core-columns-is-layout-7 wp-block-columns-is-layout-flex\">\n<div class=\"wp-block-column is-layout-flow wp-block-column-is-layout-flow\">\n<ul class=\"wp-block-list\">\n<li>Allgemeine und spezielle Gesundheitsuntersuchungen von Einzeltieren<\/li>\n\n\n\n<li>Bestandsuntersuchungen und Beratung<\/li>\n\n\n\n<li>Bestandsbetreuung mit regelm\u00e4\u00dfigen Bestandsbesuchen<\/li>\n\n\n\n<li>Impfungen&nbsp;<\/li>\n\n\n\n<li>Parasitenprophylaxe, Diagnostik und Behandlung<\/li>\n\n\n\n<li>Probenentnahme mit Laboruntersuchung (hausinterne Blut- und Milchprobenuntersuchung)\u00a0<\/li>\n\n\n\n<li>Gyn\u00e4kologische Untersuchungen, auch mit Ultraschall und Besamungen<\/li>\n\n\n\n<li>Geburtshilfe und Kaiserschnitte<\/li>\n\n\n\n<li>Klauenbehandlungen und Klauenoperationen<\/li>\n\n\n\n<li>Diagnostik und Behandlung von Stoffwechselerkrankungen<\/li>\n\n\n\n<li>Labmagen-OPs<\/li>\n\n\n\n<li>Kastrationen<\/li>\n\n\n\n<li>Nabel-OPs<\/li>\n<\/ul>\n<\/div>\n<\/div>\n<\/div>\n<\/div>\n<\/div>\n<\/div>\n<\/div>\n<\/div>\n\n\n\n<div class=\"wp-block-columns has-background is-layout-flex wp-container-core-columns-is-layout-11 wp-block-columns-is-layout-flex\" style=\"background-color:#695b4914\">\n<div class=\"wp-block-column is-vertically-aligned-center has-background is-layout-flow wp-block-column-is-layout-flow\" style=\"background-color:#c4d14e;flex-basis:100%\">\n<figure class=\"wp-block-image size-large\"><img data-recalc-dims=\"1\" loading=\"lazy\" decoding=\"async\" width=\"960\" height=\"640\" src=\"https:\/\/i0.wp.com\/www.tierarztpraxis-bernauer.de\/wp-content\/uploads\/2022\/09\/kaelbchen-02.jpg?resize=960%2C640&#038;ssl=1\" alt=\"\" class=\"wp-image-1224\" srcset=\"https:\/\/i0.wp.com\/www.tierarztpraxis-bernauer.de\/wp-content\/uploads\/2022\/09\/kaelbchen-02.jpg?resize=1024%2C683&amp;ssl=1 1024w, https:\/\/i0.wp.com\/www.tierarztpraxis-bernauer.de\/wp-content\/uploads\/2022\/09\/kaelbchen-02.jpg?resize=300%2C200&amp;ssl=1 300w, https:\/\/i0.wp.com\/www.tierarztpraxis-bernauer.de\/wp-content\/uploads\/2022\/09\/kaelbchen-02.jpg?resize=768%2C512&amp;ssl=1 768w, https:\/\/i0.wp.com\/www.tierarztpraxis-bernauer.de\/wp-content\/uploads\/2022\/09\/kaelbchen-02.jpg?resize=1536%2C1024&amp;ssl=1 1536w, https:\/\/i0.wp.com\/www.tierarztpraxis-bernauer.de\/wp-content\/uploads\/2022\/09\/kaelbchen-02.jpg?resize=1140%2C760&amp;ssl=1 1140w, https:\/\/i0.wp.com\/www.tierarztpraxis-bernauer.de\/wp-content\/uploads\/2022\/09\/kaelbchen-02.jpg?w=1680&amp;ssl=1 1680w\" sizes=\"(max-width: 960px) 100vw, 960px\" \/><\/figure>\n<\/div>\n<\/div>\n\n\n\n<div style=\"height:50px\" aria-hidden=\"true\" class=\"wp-block-spacer\"><\/div>\n\n\n\n<h4 class=\"wp-block-heading\" id=\"Pferde_Esel\">Pferde und Esel<\/h4>\n\n\n\n<div class=\"wp-block-columns has-background is-layout-flex wp-container-core-columns-is-layout-13 wp-block-columns-is-layout-flex\" style=\"background-color:#695b4914\">\n<div class=\"wp-block-column is-layout-flow wp-block-column-is-layout-flow\" style=\"flex-basis:100%\">\n<div style=\"height:30px\" aria-hidden=\"true\" class=\"wp-block-spacer\"><\/div>\n\n\n\n<div class=\"wp-block-columns is-layout-flex wp-container-core-columns-is-layout-12 wp-block-columns-is-layout-flex\">\n<div class=\"wp-block-column is-layout-flow wp-block-column-is-layout-flow\">\n<ul class=\"wp-block-list\">\n<li>Allgemeine und spezielle Gesundheitsuntersuchungen&nbsp;<\/li>\n\n\n\n<li>Impfungen&nbsp;<\/li>\n\n\n\n<li>Parasitenprophylaxe , Diagnostik und Behandlung<\/li>\n\n\n\n<li>Probenentnahme mit Laboruntersuchung&nbsp;<\/li>\n\n\n\n<li>Geburtshilfe&nbsp;<\/li>\n\n\n\n<li>Lahmheiten<\/li>\n\n\n\n<li>Kolikbehandlungen<\/li>\n\n\n\n<li>Huferkrankungen<\/li>\n\n\n\n<li>Diagnostik und Behandlung von Stoffwechselerkrankungen<\/li>\n\n\n\n<li>kleinere Weichteiloperationen<\/li>\n\n\n\n<li>Zahnbehandlungen<\/li>\n<\/ul>\n<\/div>\n<\/div>\n<\/div>\n<\/div>\n\n\n\n<p>Werden weiterf\u00fchrende oder spezielle diagnostische Untersuchungen oder Behandlungen n\u00f6tig,\u00a0die wir nicht selber durchf\u00fchren k\u00f6nnen, arbeiten wir mit Kollegen und regionalen Kliniken aus verschiedenen Fachbereichen zusammen oder \u00fcberweisen Sie an diese.<\/p>\n\n\n\n<div class=\"wp-block-columns has-background is-layout-flex wp-container-core-columns-is-layout-14 wp-block-columns-is-layout-flex\" style=\"background-color:#695b4914\">\n<div class=\"wp-block-column is-vertically-aligned-center has-background is-layout-flow wp-block-column-is-layout-flow\" style=\"background-color:#c4d14e;flex-basis:100%\">\n<figure class=\"wp-block-image size-large\"><img data-recalc-dims=\"1\" loading=\"lazy\" decoding=\"async\" width=\"960\" height=\"640\" src=\"https:\/\/i0.wp.com\/www.tierarztpraxis-bernauer.de\/wp-content\/uploads\/2022\/09\/pferd-02.jpg?resize=960%2C640&#038;ssl=1\" alt=\"\" class=\"wp-image-1222\" srcset=\"https:\/\/i0.wp.com\/www.tierarztpraxis-bernauer.de\/wp-content\/uploads\/2022\/09\/pferd-02.jpg?resize=1024%2C683&amp;ssl=1 1024w, https:\/\/i0.wp.com\/www.tierarztpraxis-bernauer.de\/wp-content\/uploads\/2022\/09\/pferd-02.jpg?resize=300%2C200&amp;ssl=1 300w, https:\/\/i0.wp.com\/www.tierarztpraxis-bernauer.de\/wp-content\/uploads\/2022\/09\/pferd-02.jpg?resize=768%2C512&amp;ssl=1 768w, https:\/\/i0.wp.com\/www.tierarztpraxis-bernauer.de\/wp-content\/uploads\/2022\/09\/pferd-02.jpg?resize=1536%2C1024&amp;ssl=1 1536w, https:\/\/i0.wp.com\/www.tierarztpraxis-bernauer.de\/wp-content\/uploads\/2022\/09\/pferd-02.jpg?resize=1140%2C760&amp;ssl=1 1140w, https:\/\/i0.wp.com\/www.tierarztpraxis-bernauer.de\/wp-content\/uploads\/2022\/09\/pferd-02.jpg?w=1680&amp;ssl=1 1680w\" sizes=\"(max-width: 960px) 100vw, 960px\" \/><\/figure>\n<\/div>\n<\/div>\n","protected":false},"excerpt":{"rendered":"<p>Wir behandeln und betreuen: Unsere Leistungen im Nutztierbereich(nat\u00fcrlich auch f\u00fcr Hobbyhaltung): Rinder, Schweine, kleine Wiederk\u00e4uer, Neu- und Altweltkameliden Pferde und Esel Werden weiterf\u00fchrende oder spezielle diagnostische Untersuchungen oder Behandlungen n\u00f6tig,\u00a0die wir nicht selber durchf\u00fchren k\u00f6nnen, arbeiten wir mit Kollegen und regionalen Kliniken aus verschiedenen Fachbereichen zusammen oder \u00fcberweisen Sie an diese.<\/p>\n","protected":false},"author":1,"featured_media":0,"parent":627,"menu_order":0,"comment_status":"closed","ping_status":"closed","template":"","meta":{"advanced_seo_description":"","jetpack_seo_html_title":"","jetpack_seo_noindex":false,"footnotes":""},"class_list":["post-660","page","type-page","status-publish","hentry"],"jetpack_sharing_enabled":true,"_links":{"self":[{"href":"https:\/\/www.tierarztpraxis-bernauer.de\/index.php?rest_route=\/wp\/v2\/pages\/660"}],"collection":[{"href":"https:\/\/www.tierarztpraxis-bernauer.de\/index.php?rest_route=\/wp\/v2\/pages"}],"about":[{"href":"https:\/\/www.tierarztpraxis-bernauer.de\/index.php?rest_route=\/wp\/v2\/types\/page"}],"author":[{"embeddable":true,"href":"https:\/\/www.tierarztpraxis-bernauer.de\/index.php?rest_route=\/wp\/v2\/users\/1"}],"replies":[{"embeddable":true,"href":"https:\/\/www.tierarztpraxis-bernauer.de\/index.php?rest_route=%2Fwp%2Fv2%2Fcomments&post=660"}],"version-history":[{"count":34,"href":"https:\/\/www.tierarztpraxis-bernauer.de\/index.php?rest_route=\/wp\/v2\/pages\/660\/revisions"}],"predecessor-version":[{"id":1717,"href":"https:\/\/www.tierarztpraxis-bernauer.de\/index.php?rest_route=\/wp\/v2\/pages\/660\/revisions\/1717"}],"up":[{"embeddable":true,"href":"https:\/\/www.tierarztpraxis-bernauer.de\/index.php?rest_route=\/wp\/v2\/pages\/627"}],"wp:attachment":[{"href":"https:\/\/www.tierarztpraxis-bernauer.de\/index.php?rest_route=%2Fwp%2Fv2%2Fmedia&parent=660"}],"curies":[{"name":"wp","href":"https:\/\/api.w.org\/{rel}","templated":true}]}}