{"id":658,"date":"2020-05-17T18:33:38","date_gmt":"2020-05-17T18:33:38","guid":{"rendered":"http:\/\/wp.tierarztpraxis-bernauer.de\/?page_id=658"},"modified":"2023-01-19T13:55:11","modified_gmt":"2023-01-19T13:55:11","slug":"kleintiere","status":"publish","type":"page","link":"https:\/\/www.tierarztpraxis-bernauer.de\/?page_id=658","title":{"rendered":"Kleintierpraxis"},"content":{"rendered":"\n<figure class=\"wp-block-image size-large is-style-default\"><img data-recalc-dims=\"1\" loading=\"lazy\" decoding=\"async\" width=\"960\" height=\"131\" src=\"https:\/\/i0.wp.com\/www.tierarztpraxis-bernauer.de\/wp-content\/uploads\/2022\/09\/fell-kanninchen-schnauze.jpg?resize=960%2C131&#038;ssl=1\" alt=\"\" class=\"wp-image-1193\" srcset=\"https:\/\/i0.wp.com\/www.tierarztpraxis-bernauer.de\/wp-content\/uploads\/2022\/09\/fell-kanninchen-schnauze.jpg?resize=1024%2C140&amp;ssl=1 1024w, https:\/\/i0.wp.com\/www.tierarztpraxis-bernauer.de\/wp-content\/uploads\/2022\/09\/fell-kanninchen-schnauze.jpg?resize=300%2C41&amp;ssl=1 300w, https:\/\/i0.wp.com\/www.tierarztpraxis-bernauer.de\/wp-content\/uploads\/2022\/09\/fell-kanninchen-schnauze.jpg?resize=768%2C105&amp;ssl=1 768w, https:\/\/i0.wp.com\/www.tierarztpraxis-bernauer.de\/wp-content\/uploads\/2022\/09\/fell-kanninchen-schnauze.jpg?resize=1140%2C155&amp;ssl=1 1140w, https:\/\/i0.wp.com\/www.tierarztpraxis-bernauer.de\/wp-content\/uploads\/2022\/09\/fell-kanninchen-schnauze.jpg?w=1504&amp;ssl=1 1504w\" sizes=\"(max-width: 960px) 100vw, 960px\" \/><\/figure>\n\n\n\n<p>Wir bieten eine reine Terminsprechstunde an, um die Wartezeiten f\u00fcr Sie und Ihr Tier so kurz und angenehm wie m\u00f6glich zu halten.<\/p>\n\n\n\n<p class=\"has-text-align-left\">Bitte haben Sie jedoch Verst\u00e4ndnis, wenn es doch einmal l\u00e4nger dauert. <br>F\u00fcr eine sorgf\u00e4ltige Untersuchung und Beratung nehmen wir uns f\u00fcr Sie und Ihr Tier Zeit.&nbsp;<\/p>\n\n\n\n<p class=\"has-text-align-left\">Und auch durch unvorhergesehene Notf\u00e4lle kann es manchmal zu Verz\u00f6gerungen kommen.<\/p>\n\n\n\n<p class=\"has-text-align-left\">F\u00fcr <strong>Notf\u00e4lle<\/strong> au\u00dferhalb der Sprechzeiten sind wir f\u00fcr <mark style=\"background-color:rgba(0, 0, 0, 0);color:#695b49\" class=\"has-inline-color\"><span style=\"text-decoration: underline;\">unsere Kunden<\/span><\/mark>&nbsp;24h erreichbar,&nbsp;wir bitten jedoch um eine telefonische Anmeldung unter <strong><a href=\"http:\/\/+4975789339300\" data-type=\"URL\" data-id=\"+4975789339300\">07578 9339300<\/a><\/strong><\/p>\n\n\n\n<p class=\"has-text-align-left\">Au\u00dferhalb der \u00d6ffnungszeiten wird auf dem Praxisanrufbeantworter die Handynummer&nbsp;unserer Tier\u00e4rztinnen angegeben.<\/p>\n\n\n\n<div style=\"height:40px\" aria-hidden=\"true\" class=\"wp-block-spacer\"><\/div>\n\n\n\n<h5 class=\"wp-block-heading\"><a href=\"https:\/\/www.tierarztpraxis-bernauer.de\/?page_id=1106\" data-type=\"page\" data-id=\"1106\"> \u279c Leistungen<\/a><\/h5>\n\n\n\n<h5 class=\"wp-block-heading\"><a href=\"https:\/\/www.tierarztpraxis-bernauer.de\/?page_id=656\">\u279c Praxisr\u00e4ume<\/a><\/h5>\n\n\n\n<h5 class=\"wp-block-heading\"><a href=\"https:\/\/www.tierarztpraxis-bernauer.de\/?page_id=1091\" data-type=\"page\" data-id=\"1091\"> \u279c OP<\/a><\/h5>\n\n\n\n<h5 class=\"wp-block-heading\"><a href=\"https:\/\/www.tierarztpraxis-bernauer.de\/?page_id=1094\" data-type=\"page\" data-id=\"1094\"> \u279c Station<\/a><\/h5>\n\n\n\n<h5 class=\"wp-block-heading\"><a href=\"https:\/\/www.tierarztpraxis-bernauer.de\/?page_id=1097\" data-type=\"page\" data-id=\"1097\"> \u279c R\u00f6ntgen und Ultraschall<\/a><\/h5>\n\n\n\n<h5 class=\"wp-block-heading\"><a href=\"https:\/\/www.tierarztpraxis-bernauer.de\/?page_id=1103\" data-type=\"page\" data-id=\"1103\"> \u279c Physiotheraphie<\/a><\/h5>\n\n\n\n<h5 class=\"wp-block-heading\"><\/h5>\n\n\n\n<p><\/p>\n\n\n\n<p><\/p>\n","protected":false},"excerpt":{"rendered":"<p>Wir bieten eine reine Terminsprechstunde an, um die Wartezeiten f\u00fcr Sie und Ihr Tier so kurz und angenehm wie m\u00f6glich zu halten. Bitte haben Sie jedoch Verst\u00e4ndnis, wenn es doch einmal l\u00e4nger dauert. F\u00fcr eine sorgf\u00e4ltige Untersuchung und Beratung nehmen wir uns f\u00fcr Sie und Ihr Tier Zeit.&nbsp; Und auch durch unvorhergesehene Notf\u00e4lle kann es manchmal zu Verz\u00f6gerungen kommen. F\u00fcr Notf\u00e4lle au\u00dferhalb der Sprechzeiten sind wir f\u00fcr unsere Kunden&nbsp;24h erreichbar,&nbsp;wir bitten jedoch um eine telefonische Anmeldung unter 07578 9339300 Au\u00dferhalb der \u00d6ffnungszeiten wird auf dem Praxisanrufbeantworter die Handynummer&nbsp;unserer Tier\u00e4rztinnen angegeben. \u279c Leistungen \u279c Praxisr\u00e4ume \u279c OP \u279c Station \u279c R\u00f6ntgen und Ultraschall \u279c Physiotheraphie<\/p>\n","protected":false},"author":1,"featured_media":0,"parent":627,"menu_order":0,"comment_status":"closed","ping_status":"closed","template":"","meta":{"advanced_seo_description":"","jetpack_seo_html_title":"","jetpack_seo_noindex":false,"footnotes":""},"class_list":["post-658","page","type-page","status-publish","hentry"],"jetpack_sharing_enabled":true,"_links":{"self":[{"href":"https:\/\/www.tierarztpraxis-bernauer.de\/index.php?rest_route=\/wp\/v2\/pages\/658"}],"collection":[{"href":"https:\/\/www.tierarztpraxis-bernauer.de\/index.php?rest_route=\/wp\/v2\/pages"}],"about":[{"href":"https:\/\/www.tierarztpraxis-bernauer.de\/index.php?rest_route=\/wp\/v2\/types\/page"}],"author":[{"embeddable":true,"href":"https:\/\/www.tierarztpraxis-bernauer.de\/index.php?rest_route=\/wp\/v2\/users\/1"}],"replies":[{"embeddable":true,"href":"https:\/\/www.tierarztpraxis-bernauer.de\/index.php?rest_route=%2Fwp%2Fv2%2Fcomments&post=658"}],"version-history":[{"count":42,"href":"https:\/\/www.tierarztpraxis-bernauer.de\/index.php?rest_route=\/wp\/v2\/pages\/658\/revisions"}],"predecessor-version":[{"id":1715,"href":"https:\/\/www.tierarztpraxis-bernauer.de\/index.php?rest_route=\/wp\/v2\/pages\/658\/revisions\/1715"}],"up":[{"embeddable":true,"href":"https:\/\/www.tierarztpraxis-bernauer.de\/index.php?rest_route=\/wp\/v2\/pages\/627"}],"wp:attachment":[{"href":"https:\/\/www.tierarztpraxis-bernauer.de\/index.php?rest_route=%2Fwp%2Fv2%2Fmedia&parent=658"}],"curies":[{"name":"wp","href":"https:\/\/api.w.org\/{rel}","templated":true}]}}