{"id":656,"date":"2020-05-17T18:33:38","date_gmt":"2020-05-17T18:33:38","guid":{"rendered":"http:\/\/wp.tierarztpraxis-bernauer.de\/?page_id=656"},"modified":"2022-11-17T10:51:00","modified_gmt":"2022-11-17T10:51:00","slug":"praxisraeume","status":"publish","type":"page","link":"https:\/\/www.tierarztpraxis-bernauer.de\/?page_id=656","title":{"rendered":"Praxisr\u00e4ume"},"content":{"rendered":"\n<figure class=\"wp-block-image size-large is-style-default\"><img data-recalc-dims=\"1\" loading=\"lazy\" decoding=\"async\" width=\"960\" height=\"131\" src=\"https:\/\/i0.wp.com\/www.tierarztpraxis-bernauer.de\/wp-content\/uploads\/2022\/09\/panzer-schildkroete.jpg?resize=960%2C131&#038;ssl=1\" alt=\"\" class=\"wp-image-1315\" srcset=\"https:\/\/i0.wp.com\/www.tierarztpraxis-bernauer.de\/wp-content\/uploads\/2022\/09\/panzer-schildkroete.jpg?resize=1024%2C140&amp;ssl=1 1024w, https:\/\/i0.wp.com\/www.tierarztpraxis-bernauer.de\/wp-content\/uploads\/2022\/09\/panzer-schildkroete.jpg?resize=300%2C41&amp;ssl=1 300w, https:\/\/i0.wp.com\/www.tierarztpraxis-bernauer.de\/wp-content\/uploads\/2022\/09\/panzer-schildkroete.jpg?resize=768%2C105&amp;ssl=1 768w, https:\/\/i0.wp.com\/www.tierarztpraxis-bernauer.de\/wp-content\/uploads\/2022\/09\/panzer-schildkroete.jpg?resize=1140%2C155&amp;ssl=1 1140w, https:\/\/i0.wp.com\/www.tierarztpraxis-bernauer.de\/wp-content\/uploads\/2022\/09\/panzer-schildkroete.jpg?w=1504&amp;ssl=1 1504w\" sizes=\"(max-width: 960px) 100vw, 960px\" \/><\/figure>\n\n\n\n<p>Unsere Praxis bietet unseren Kunden und tierischen Patienten u.a.:<\/p>\n\n\n\n<div class=\"wp-block-columns has-background is-layout-flex wp-container-core-columns-is-layout-2 wp-block-columns-is-layout-flex\" style=\"background-color:#695b4914\">\n<div class=\"wp-block-column is-layout-flow wp-block-column-is-layout-flow\" style=\"flex-basis:100%\">\n<div class=\"wp-block-columns is-layout-flex wp-container-core-columns-is-layout-1 wp-block-columns-is-layout-flex\">\n<div class=\"wp-block-column is-layout-flow wp-block-column-is-layout-flow\">\n<div style=\"height:30px\" aria-hidden=\"true\" class=\"wp-block-spacer\"><\/div>\n\n\n\n<ul class=\"wp-block-list\">\n<li>2 voll ausgestattete Behandlungsr\u00e4ume f\u00fcr ausf\u00fchrliche <a href=\"https:\/\/www.tierarztpraxis-bernauer.de\/?page_id=1106\" data-type=\"page\" data-id=\"1106\">Untersuchungen<\/a><\/li>\n\n\n\n<li>voll ausgestatteter <a href=\"https:\/\/www.tierarztpraxis-bernauer.de\/?page_id=1091\" data-type=\"page\" data-id=\"1091\">OP<\/a> f\u00fcr notwendige Operationen<\/li>\n\n\n\n<li>eine <a href=\"https:\/\/www.tierarztpraxis-bernauer.de\/?page_id=1094\" data-type=\"page\" data-id=\"1094\">Station<\/a> f\u00fcr station\u00e4re und postoperative Betreuung<\/li>\n\n\n\n<li>digitales <a href=\"https:\/\/www.tierarztpraxis-bernauer.de\/?page_id=1097\" data-type=\"page\" data-id=\"1097\">R\u00f6ntgen <\/a>sowie <a href=\"https:\/\/www.tierarztpraxis-bernauer.de\/?page_id=1097\" data-type=\"page\" data-id=\"1097\">Ultraschalluntersuchungen<\/a><\/li>\n\n\n\n<li>hausinternes <a href=\"https:\/\/www.tierarztpraxis-bernauer.de\/?page_id=1100\" data-type=\"page\" data-id=\"1100\">Labor<\/a> <\/li>\n\n\n\n<li>R\u00e4ume f\u00fcr <a href=\"https:\/\/www.tierarztpraxis-bernauer.de\/?page_id=1103\" data-type=\"page\" data-id=\"1103\">Physiotherapie<\/a>, Massagen, Laserbehandlungen<\/li>\n<\/ul>\n<\/div>\n<\/div>\n<\/div>\n<\/div>\n\n\n\n<p><\/p>\n\n\n\n<div class=\"wp-block-jetpack-slideshow aligncenter\" data-autoplay=\"true\" data-delay=\"3\" data-effect=\"fade\"><div class=\"wp-block-jetpack-slideshow_container swiper-container\"><ul class=\"wp-block-jetpack-slideshow_swiper-wrapper swiper-wrapper\"><li class=\"wp-block-jetpack-slideshow_slide swiper-slide\"><figure><img data-recalc-dims=\"1\" loading=\"lazy\" decoding=\"async\" width=\"960\" height=\"640\" alt=\"\" class=\"wp-block-jetpack-slideshow_image wp-image-1276\" data-id=\"1276\" src=\"https:\/\/i0.wp.com\/www.tierarztpraxis-bernauer.de\/wp-content\/uploads\/2022\/09\/praxisgebaeude-02.jpg?resize=960%2C640&#038;ssl=1\" srcset=\"https:\/\/i0.wp.com\/www.tierarztpraxis-bernauer.de\/wp-content\/uploads\/2022\/09\/praxisgebaeude-02.jpg?resize=1024%2C683&amp;ssl=1 1024w, https:\/\/i0.wp.com\/www.tierarztpraxis-bernauer.de\/wp-content\/uploads\/2022\/09\/praxisgebaeude-02.jpg?resize=300%2C200&amp;ssl=1 300w, https:\/\/i0.wp.com\/www.tierarztpraxis-bernauer.de\/wp-content\/uploads\/2022\/09\/praxisgebaeude-02.jpg?resize=768%2C512&amp;ssl=1 768w, https:\/\/i0.wp.com\/www.tierarztpraxis-bernauer.de\/wp-content\/uploads\/2022\/09\/praxisgebaeude-02.jpg?resize=1536%2C1024&amp;ssl=1 1536w, https:\/\/i0.wp.com\/www.tierarztpraxis-bernauer.de\/wp-content\/uploads\/2022\/09\/praxisgebaeude-02.jpg?resize=1140%2C760&amp;ssl=1 1140w, https:\/\/i0.wp.com\/www.tierarztpraxis-bernauer.de\/wp-content\/uploads\/2022\/09\/praxisgebaeude-02.jpg?w=1680&amp;ssl=1 1680w\" sizes=\"(max-width: 960px) 100vw, 960px\" \/><figcaption class=\"wp-block-jetpack-slideshow_caption gallery-caption\">Zollerstr. 6<\/figcaption><\/figure><\/li><li class=\"wp-block-jetpack-slideshow_slide swiper-slide\"><figure><img data-recalc-dims=\"1\" loading=\"lazy\" decoding=\"async\" width=\"960\" height=\"640\" alt=\"\" class=\"wp-block-jetpack-slideshow_image wp-image-1273\" data-id=\"1273\" src=\"https:\/\/i0.wp.com\/www.tierarztpraxis-bernauer.de\/wp-content\/uploads\/2022\/09\/wartezimmer.jpg?resize=960%2C640&#038;ssl=1\" srcset=\"https:\/\/i0.wp.com\/www.tierarztpraxis-bernauer.de\/wp-content\/uploads\/2022\/09\/wartezimmer.jpg?resize=1024%2C683&amp;ssl=1 1024w, https:\/\/i0.wp.com\/www.tierarztpraxis-bernauer.de\/wp-content\/uploads\/2022\/09\/wartezimmer.jpg?resize=300%2C200&amp;ssl=1 300w, https:\/\/i0.wp.com\/www.tierarztpraxis-bernauer.de\/wp-content\/uploads\/2022\/09\/wartezimmer.jpg?resize=768%2C512&amp;ssl=1 768w, https:\/\/i0.wp.com\/www.tierarztpraxis-bernauer.de\/wp-content\/uploads\/2022\/09\/wartezimmer.jpg?resize=1536%2C1024&amp;ssl=1 1536w, https:\/\/i0.wp.com\/www.tierarztpraxis-bernauer.de\/wp-content\/uploads\/2022\/09\/wartezimmer.jpg?resize=1140%2C760&amp;ssl=1 1140w, https:\/\/i0.wp.com\/www.tierarztpraxis-bernauer.de\/wp-content\/uploads\/2022\/09\/wartezimmer.jpg?w=1680&amp;ssl=1 1680w\" sizes=\"(max-width: 960px) 100vw, 960px\" \/><figcaption class=\"wp-block-jetpack-slideshow_caption gallery-caption\">Wartebereich<\/figcaption><\/figure><\/li><li class=\"wp-block-jetpack-slideshow_slide swiper-slide\"><figure><img data-recalc-dims=\"1\" loading=\"lazy\" decoding=\"async\" width=\"960\" height=\"640\" alt=\"\" class=\"wp-block-jetpack-slideshow_image wp-image-1178\" data-id=\"1178\" src=\"https:\/\/i0.wp.com\/www.tierarztpraxis-bernauer.de\/wp-content\/uploads\/2022\/09\/behandlungsraum-01.jpg?resize=960%2C640&#038;ssl=1\" srcset=\"https:\/\/i0.wp.com\/www.tierarztpraxis-bernauer.de\/wp-content\/uploads\/2022\/09\/behandlungsraum-01.jpg?resize=1024%2C683&amp;ssl=1 1024w, https:\/\/i0.wp.com\/www.tierarztpraxis-bernauer.de\/wp-content\/uploads\/2022\/09\/behandlungsraum-01.jpg?resize=300%2C200&amp;ssl=1 300w, https:\/\/i0.wp.com\/www.tierarztpraxis-bernauer.de\/wp-content\/uploads\/2022\/09\/behandlungsraum-01.jpg?resize=768%2C512&amp;ssl=1 768w, https:\/\/i0.wp.com\/www.tierarztpraxis-bernauer.de\/wp-content\/uploads\/2022\/09\/behandlungsraum-01.jpg?resize=1536%2C1024&amp;ssl=1 1536w, https:\/\/i0.wp.com\/www.tierarztpraxis-bernauer.de\/wp-content\/uploads\/2022\/09\/behandlungsraum-01.jpg?resize=1140%2C760&amp;ssl=1 1140w, https:\/\/i0.wp.com\/www.tierarztpraxis-bernauer.de\/wp-content\/uploads\/2022\/09\/behandlungsraum-01.jpg?w=1680&amp;ssl=1 1680w\" sizes=\"(max-width: 960px) 100vw, 960px\" \/><figcaption class=\"wp-block-jetpack-slideshow_caption gallery-caption\">Behandlungsraum<\/figcaption><\/figure><\/li><li class=\"wp-block-jetpack-slideshow_slide swiper-slide\"><figure><img data-recalc-dims=\"1\" loading=\"lazy\" decoding=\"async\" width=\"960\" height=\"640\" alt=\"\" class=\"wp-block-jetpack-slideshow_image wp-image-1179\" data-id=\"1179\" src=\"https:\/\/i0.wp.com\/www.tierarztpraxis-bernauer.de\/wp-content\/uploads\/2022\/09\/behandlungsraum-03.jpg?resize=960%2C640&#038;ssl=1\" srcset=\"https:\/\/i0.wp.com\/www.tierarztpraxis-bernauer.de\/wp-content\/uploads\/2022\/09\/behandlungsraum-03.jpg?resize=1024%2C683&amp;ssl=1 1024w, https:\/\/i0.wp.com\/www.tierarztpraxis-bernauer.de\/wp-content\/uploads\/2022\/09\/behandlungsraum-03.jpg?resize=300%2C200&amp;ssl=1 300w, https:\/\/i0.wp.com\/www.tierarztpraxis-bernauer.de\/wp-content\/uploads\/2022\/09\/behandlungsraum-03.jpg?resize=768%2C512&amp;ssl=1 768w, https:\/\/i0.wp.com\/www.tierarztpraxis-bernauer.de\/wp-content\/uploads\/2022\/09\/behandlungsraum-03.jpg?resize=1536%2C1024&amp;ssl=1 1536w, https:\/\/i0.wp.com\/www.tierarztpraxis-bernauer.de\/wp-content\/uploads\/2022\/09\/behandlungsraum-03.jpg?resize=1140%2C760&amp;ssl=1 1140w, https:\/\/i0.wp.com\/www.tierarztpraxis-bernauer.de\/wp-content\/uploads\/2022\/09\/behandlungsraum-03.jpg?w=1680&amp;ssl=1 1680w\" sizes=\"(max-width: 960px) 100vw, 960px\" \/><figcaption class=\"wp-block-jetpack-slideshow_caption gallery-caption\">Behandlungsraum<\/figcaption><\/figure><\/li><li class=\"wp-block-jetpack-slideshow_slide swiper-slide\"><figure><img data-recalc-dims=\"1\" loading=\"lazy\" decoding=\"async\" width=\"960\" height=\"640\" alt=\"\" class=\"wp-block-jetpack-slideshow_image wp-image-1133\" data-id=\"1133\" src=\"https:\/\/i0.wp.com\/www.tierarztpraxis-bernauer.de\/wp-content\/uploads\/2022\/09\/roentgen-1.jpg?resize=960%2C640&#038;ssl=1\" srcset=\"https:\/\/i0.wp.com\/www.tierarztpraxis-bernauer.de\/wp-content\/uploads\/2022\/09\/roentgen-1.jpg?resize=1024%2C683&amp;ssl=1 1024w, https:\/\/i0.wp.com\/www.tierarztpraxis-bernauer.de\/wp-content\/uploads\/2022\/09\/roentgen-1.jpg?resize=300%2C200&amp;ssl=1 300w, https:\/\/i0.wp.com\/www.tierarztpraxis-bernauer.de\/wp-content\/uploads\/2022\/09\/roentgen-1.jpg?resize=768%2C512&amp;ssl=1 768w, https:\/\/i0.wp.com\/www.tierarztpraxis-bernauer.de\/wp-content\/uploads\/2022\/09\/roentgen-1.jpg?resize=1536%2C1024&amp;ssl=1 1536w, https:\/\/i0.wp.com\/www.tierarztpraxis-bernauer.de\/wp-content\/uploads\/2022\/09\/roentgen-1.jpg?resize=1140%2C760&amp;ssl=1 1140w, https:\/\/i0.wp.com\/www.tierarztpraxis-bernauer.de\/wp-content\/uploads\/2022\/09\/roentgen-1.jpg?w=1680&amp;ssl=1 1680w\" sizes=\"(max-width: 960px) 100vw, 960px\" \/><figcaption class=\"wp-block-jetpack-slideshow_caption gallery-caption\">R\u00f6ntgen<\/figcaption><\/figure><\/li><li class=\"wp-block-jetpack-slideshow_slide swiper-slide\"><figure><img data-recalc-dims=\"1\" loading=\"lazy\" decoding=\"async\" width=\"960\" height=\"640\" alt=\"\" class=\"wp-block-jetpack-slideshow_image wp-image-1131\" data-id=\"1131\" src=\"https:\/\/i0.wp.com\/www.tierarztpraxis-bernauer.de\/wp-content\/uploads\/2022\/09\/ultraschall.jpg?resize=960%2C640&#038;ssl=1\" srcset=\"https:\/\/i0.wp.com\/www.tierarztpraxis-bernauer.de\/wp-content\/uploads\/2022\/09\/ultraschall.jpg?resize=1024%2C683&amp;ssl=1 1024w, https:\/\/i0.wp.com\/www.tierarztpraxis-bernauer.de\/wp-content\/uploads\/2022\/09\/ultraschall.jpg?resize=300%2C200&amp;ssl=1 300w, https:\/\/i0.wp.com\/www.tierarztpraxis-bernauer.de\/wp-content\/uploads\/2022\/09\/ultraschall.jpg?resize=768%2C512&amp;ssl=1 768w, https:\/\/i0.wp.com\/www.tierarztpraxis-bernauer.de\/wp-content\/uploads\/2022\/09\/ultraschall.jpg?resize=1536%2C1024&amp;ssl=1 1536w, https:\/\/i0.wp.com\/www.tierarztpraxis-bernauer.de\/wp-content\/uploads\/2022\/09\/ultraschall.jpg?resize=1140%2C760&amp;ssl=1 1140w, https:\/\/i0.wp.com\/www.tierarztpraxis-bernauer.de\/wp-content\/uploads\/2022\/09\/ultraschall.jpg?w=1680&amp;ssl=1 1680w\" sizes=\"(max-width: 960px) 100vw, 960px\" \/><figcaption class=\"wp-block-jetpack-slideshow_caption gallery-caption\">Ultraschall<\/figcaption><\/figure><\/li><li class=\"wp-block-jetpack-slideshow_slide swiper-slide\"><figure><img data-recalc-dims=\"1\" loading=\"lazy\" decoding=\"async\" width=\"960\" height=\"640\" alt=\"\" class=\"wp-block-jetpack-slideshow_image wp-image-1183\" data-id=\"1183\" src=\"https:\/\/i0.wp.com\/www.tierarztpraxis-bernauer.de\/wp-content\/uploads\/2022\/09\/labor-01.jpg?resize=960%2C640&#038;ssl=1\" srcset=\"https:\/\/i0.wp.com\/www.tierarztpraxis-bernauer.de\/wp-content\/uploads\/2022\/09\/labor-01.jpg?resize=1024%2C683&amp;ssl=1 1024w, https:\/\/i0.wp.com\/www.tierarztpraxis-bernauer.de\/wp-content\/uploads\/2022\/09\/labor-01.jpg?resize=300%2C200&amp;ssl=1 300w, https:\/\/i0.wp.com\/www.tierarztpraxis-bernauer.de\/wp-content\/uploads\/2022\/09\/labor-01.jpg?resize=768%2C512&amp;ssl=1 768w, https:\/\/i0.wp.com\/www.tierarztpraxis-bernauer.de\/wp-content\/uploads\/2022\/09\/labor-01.jpg?resize=1536%2C1024&amp;ssl=1 1536w, https:\/\/i0.wp.com\/www.tierarztpraxis-bernauer.de\/wp-content\/uploads\/2022\/09\/labor-01.jpg?resize=1140%2C760&amp;ssl=1 1140w, https:\/\/i0.wp.com\/www.tierarztpraxis-bernauer.de\/wp-content\/uploads\/2022\/09\/labor-01.jpg?w=1680&amp;ssl=1 1680w\" sizes=\"(max-width: 960px) 100vw, 960px\" \/><figcaption class=\"wp-block-jetpack-slideshow_caption gallery-caption\">Labor<\/figcaption><\/figure><\/li><li class=\"wp-block-jetpack-slideshow_slide swiper-slide\"><figure><img data-recalc-dims=\"1\" loading=\"lazy\" decoding=\"async\" width=\"960\" height=\"640\" alt=\"\" class=\"wp-block-jetpack-slideshow_image wp-image-1168\" data-id=\"1168\" src=\"https:\/\/i0.wp.com\/www.tierarztpraxis-bernauer.de\/wp-content\/uploads\/2022\/09\/OP.jpg?resize=960%2C640&#038;ssl=1\" srcset=\"https:\/\/i0.wp.com\/www.tierarztpraxis-bernauer.de\/wp-content\/uploads\/2022\/09\/OP.jpg?resize=1024%2C683&amp;ssl=1 1024w, https:\/\/i0.wp.com\/www.tierarztpraxis-bernauer.de\/wp-content\/uploads\/2022\/09\/OP.jpg?resize=300%2C200&amp;ssl=1 300w, https:\/\/i0.wp.com\/www.tierarztpraxis-bernauer.de\/wp-content\/uploads\/2022\/09\/OP.jpg?resize=768%2C512&amp;ssl=1 768w, https:\/\/i0.wp.com\/www.tierarztpraxis-bernauer.de\/wp-content\/uploads\/2022\/09\/OP.jpg?resize=1536%2C1024&amp;ssl=1 1536w, https:\/\/i0.wp.com\/www.tierarztpraxis-bernauer.de\/wp-content\/uploads\/2022\/09\/OP.jpg?resize=1140%2C760&amp;ssl=1 1140w, https:\/\/i0.wp.com\/www.tierarztpraxis-bernauer.de\/wp-content\/uploads\/2022\/09\/OP.jpg?w=1680&amp;ssl=1 1680w\" sizes=\"(max-width: 960px) 100vw, 960px\" \/><figcaption class=\"wp-block-jetpack-slideshow_caption gallery-caption\">OP<\/figcaption><\/figure><\/li><li class=\"wp-block-jetpack-slideshow_slide swiper-slide\"><figure><img data-recalc-dims=\"1\" loading=\"lazy\" decoding=\"async\" width=\"960\" height=\"640\" alt=\"\" class=\"wp-block-jetpack-slideshow_image wp-image-1189\" data-id=\"1189\" src=\"https:\/\/i0.wp.com\/www.tierarztpraxis-bernauer.de\/wp-content\/uploads\/2022\/09\/station-01-1.jpg?resize=960%2C640&#038;ssl=1\" srcset=\"https:\/\/i0.wp.com\/www.tierarztpraxis-bernauer.de\/wp-content\/uploads\/2022\/09\/station-01-1.jpg?resize=1024%2C683&amp;ssl=1 1024w, https:\/\/i0.wp.com\/www.tierarztpraxis-bernauer.de\/wp-content\/uploads\/2022\/09\/station-01-1.jpg?resize=300%2C200&amp;ssl=1 300w, https:\/\/i0.wp.com\/www.tierarztpraxis-bernauer.de\/wp-content\/uploads\/2022\/09\/station-01-1.jpg?resize=768%2C512&amp;ssl=1 768w, https:\/\/i0.wp.com\/www.tierarztpraxis-bernauer.de\/wp-content\/uploads\/2022\/09\/station-01-1.jpg?resize=1536%2C1024&amp;ssl=1 1536w, https:\/\/i0.wp.com\/www.tierarztpraxis-bernauer.de\/wp-content\/uploads\/2022\/09\/station-01-1.jpg?resize=1140%2C760&amp;ssl=1 1140w, https:\/\/i0.wp.com\/www.tierarztpraxis-bernauer.de\/wp-content\/uploads\/2022\/09\/station-01-1.jpg?w=1680&amp;ssl=1 1680w\" sizes=\"(max-width: 960px) 100vw, 960px\" \/><figcaption class=\"wp-block-jetpack-slideshow_caption gallery-caption\">Station<\/figcaption><\/figure><\/li><li class=\"wp-block-jetpack-slideshow_slide swiper-slide\"><figure><img data-recalc-dims=\"1\" loading=\"lazy\" decoding=\"async\" width=\"960\" height=\"640\" alt=\"\" class=\"wp-block-jetpack-slideshow_image wp-image-1165\" data-id=\"1165\" src=\"https:\/\/i0.wp.com\/www.tierarztpraxis-bernauer.de\/wp-content\/uploads\/2022\/09\/physiotherapie.jpg?resize=960%2C640&#038;ssl=1\" srcset=\"https:\/\/i0.wp.com\/www.tierarztpraxis-bernauer.de\/wp-content\/uploads\/2022\/09\/physiotherapie.jpg?resize=1024%2C683&amp;ssl=1 1024w, https:\/\/i0.wp.com\/www.tierarztpraxis-bernauer.de\/wp-content\/uploads\/2022\/09\/physiotherapie.jpg?resize=300%2C200&amp;ssl=1 300w, https:\/\/i0.wp.com\/www.tierarztpraxis-bernauer.de\/wp-content\/uploads\/2022\/09\/physiotherapie.jpg?resize=768%2C512&amp;ssl=1 768w, https:\/\/i0.wp.com\/www.tierarztpraxis-bernauer.de\/wp-content\/uploads\/2022\/09\/physiotherapie.jpg?resize=1536%2C1024&amp;ssl=1 1536w, https:\/\/i0.wp.com\/www.tierarztpraxis-bernauer.de\/wp-content\/uploads\/2022\/09\/physiotherapie.jpg?resize=1140%2C760&amp;ssl=1 1140w, https:\/\/i0.wp.com\/www.tierarztpraxis-bernauer.de\/wp-content\/uploads\/2022\/09\/physiotherapie.jpg?w=1680&amp;ssl=1 1680w\" sizes=\"(max-width: 960px) 100vw, 960px\" \/><figcaption class=\"wp-block-jetpack-slideshow_caption gallery-caption\">Physiotherapie<\/figcaption><\/figure><\/li><\/ul><a class=\"wp-block-jetpack-slideshow_button-prev swiper-button-prev swiper-button-white\" role=\"button\"><\/a><a class=\"wp-block-jetpack-slideshow_button-next swiper-button-next swiper-button-white\" role=\"button\"><\/a><a aria-label=\"Pause Slideshow\" class=\"wp-block-jetpack-slideshow_button-pause\" role=\"button\"><\/a><div class=\"wp-block-jetpack-slideshow_pagination swiper-pagination swiper-pagination-white\"><\/div><\/div><\/div>\n","protected":false},"excerpt":{"rendered":"<p>Unsere Praxis bietet unseren Kunden und tierischen Patienten u.a.:<\/p>\n","protected":false},"author":1,"featured_media":0,"parent":627,"menu_order":0,"comment_status":"closed","ping_status":"closed","template":"","meta":{"advanced_seo_description":"","jetpack_seo_html_title":"","jetpack_seo_noindex":false,"footnotes":""},"class_list":["post-656","page","type-page","status-publish","hentry"],"jetpack_sharing_enabled":true,"_links":{"self":[{"href":"https:\/\/www.tierarztpraxis-bernauer.de\/index.php?rest_route=\/wp\/v2\/pages\/656"}],"collection":[{"href":"https:\/\/www.tierarztpraxis-bernauer.de\/index.php?rest_route=\/wp\/v2\/pages"}],"about":[{"href":"https:\/\/www.tierarztpraxis-bernauer.de\/index.php?rest_route=\/wp\/v2\/types\/page"}],"author":[{"embeddable":true,"href":"https:\/\/www.tierarztpraxis-bernauer.de\/index.php?rest_route=\/wp\/v2\/users\/1"}],"replies":[{"embeddable":true,"href":"https:\/\/www.tierarztpraxis-bernauer.de\/index.php?rest_route=%2Fwp%2Fv2%2Fcomments&post=656"}],"version-history":[{"count":22,"href":"https:\/\/www.tierarztpraxis-bernauer.de\/index.php?rest_route=\/wp\/v2\/pages\/656\/revisions"}],"predecessor-version":[{"id":1482,"href":"https:\/\/www.tierarztpraxis-bernauer.de\/index.php?rest_route=\/wp\/v2\/pages\/656\/revisions\/1482"}],"up":[{"embeddable":true,"href":"https:\/\/www.tierarztpraxis-bernauer.de\/index.php?rest_route=\/wp\/v2\/pages\/627"}],"wp:attachment":[{"href":"https:\/\/www.tierarztpraxis-bernauer.de\/index.php?rest_route=%2Fwp%2Fv2%2Fmedia&parent=656"}],"curies":[{"name":"wp","href":"https:\/\/api.w.org\/{rel}","templated":true}]}}