{"id":1097,"date":"2022-09-21T12:48:35","date_gmt":"2022-09-21T12:48:35","guid":{"rendered":"http:\/\/wp.tierarztpraxis-bernauer.de\/?page_id=1097"},"modified":"2023-01-19T14:05:54","modified_gmt":"2023-01-19T14:05:54","slug":"roentgen-und-ultraschall","status":"publish","type":"page","link":"https:\/\/www.tierarztpraxis-bernauer.de\/?page_id=1097","title":{"rendered":"R\u00f6ntgen und Ultraschall"},"content":{"rendered":"\n<figure class=\"wp-block-image size-large is-style-default\"><img data-recalc-dims=\"1\" loading=\"lazy\" decoding=\"async\" width=\"960\" height=\"131\" src=\"https:\/\/i0.wp.com\/www.tierarztpraxis-bernauer.de\/wp-content\/uploads\/2022\/09\/federn-braun-schwarz-02.jpg?resize=960%2C131&#038;ssl=1\" alt=\"\" class=\"wp-image-1214\" srcset=\"https:\/\/i0.wp.com\/www.tierarztpraxis-bernauer.de\/wp-content\/uploads\/2022\/09\/federn-braun-schwarz-02.jpg?resize=1024%2C140&amp;ssl=1 1024w, https:\/\/i0.wp.com\/www.tierarztpraxis-bernauer.de\/wp-content\/uploads\/2022\/09\/federn-braun-schwarz-02.jpg?resize=300%2C41&amp;ssl=1 300w, https:\/\/i0.wp.com\/www.tierarztpraxis-bernauer.de\/wp-content\/uploads\/2022\/09\/federn-braun-schwarz-02.jpg?resize=768%2C105&amp;ssl=1 768w, https:\/\/i0.wp.com\/www.tierarztpraxis-bernauer.de\/wp-content\/uploads\/2022\/09\/federn-braun-schwarz-02.jpg?resize=1140%2C155&amp;ssl=1 1140w, https:\/\/i0.wp.com\/www.tierarztpraxis-bernauer.de\/wp-content\/uploads\/2022\/09\/federn-braun-schwarz-02.jpg?w=1504&amp;ssl=1 1504w\" sizes=\"(max-width: 960px) 100vw, 960px\" \/><\/figure>\n\n\n\n<p>Wir nutzen digitales R\u00f6ntgen oder unsere Ultraschallger\u00e4te, um zum Beispiel Knochenbr\u00fcche oder innere Erkrankungen zu diagnostizieren.<\/p>\n\n\n\n<div style=\"height:30px\" aria-hidden=\"true\" class=\"wp-block-spacer\"><\/div>\n\n\n\n<div class=\"wp-block-columns has-background is-layout-flex wp-container-core-columns-is-layout-1 wp-block-columns-is-layout-flex\" style=\"background-color:#695b4914\">\n<div class=\"wp-block-column is-vertically-aligned-center has-background is-layout-flow wp-block-column-is-layout-flow\" style=\"background-color:#c4d14e;flex-basis:50%\">\n<figure class=\"wp-block-image size-large\"><img data-recalc-dims=\"1\" loading=\"lazy\" decoding=\"async\" width=\"960\" height=\"640\" src=\"https:\/\/i0.wp.com\/www.tierarztpraxis-bernauer.de\/wp-content\/uploads\/2022\/09\/roentgen-1.jpg?resize=960%2C640&#038;ssl=1\" alt=\"\" class=\"wp-image-1133\" srcset=\"https:\/\/i0.wp.com\/www.tierarztpraxis-bernauer.de\/wp-content\/uploads\/2022\/09\/roentgen-1.jpg?resize=1024%2C683&amp;ssl=1 1024w, https:\/\/i0.wp.com\/www.tierarztpraxis-bernauer.de\/wp-content\/uploads\/2022\/09\/roentgen-1.jpg?resize=300%2C200&amp;ssl=1 300w, https:\/\/i0.wp.com\/www.tierarztpraxis-bernauer.de\/wp-content\/uploads\/2022\/09\/roentgen-1.jpg?resize=768%2C512&amp;ssl=1 768w, https:\/\/i0.wp.com\/www.tierarztpraxis-bernauer.de\/wp-content\/uploads\/2022\/09\/roentgen-1.jpg?resize=1536%2C1024&amp;ssl=1 1536w, https:\/\/i0.wp.com\/www.tierarztpraxis-bernauer.de\/wp-content\/uploads\/2022\/09\/roentgen-1.jpg?resize=1140%2C760&amp;ssl=1 1140w, https:\/\/i0.wp.com\/www.tierarztpraxis-bernauer.de\/wp-content\/uploads\/2022\/09\/roentgen-1.jpg?w=1680&amp;ssl=1 1680w\" sizes=\"(max-width: 960px) 100vw, 960px\" \/><figcaption class=\"wp-element-caption\"><mark style=\"background-color:rgba(0, 0, 0, 0)\" class=\"has-inline-color has-white-color\"><strong>R\u00f6ntgen<\/strong><\/mark><\/figcaption><\/figure>\n<\/div>\n\n\n\n<div class=\"wp-block-column is-vertically-aligned-center has-background is-layout-flow wp-block-column-is-layout-flow\" style=\"background-color:#c4d14e;flex-basis:50%\">\n<figure class=\"wp-block-image size-large\"><img data-recalc-dims=\"1\" loading=\"lazy\" decoding=\"async\" width=\"960\" height=\"640\" src=\"https:\/\/i0.wp.com\/www.tierarztpraxis-bernauer.de\/wp-content\/uploads\/2022\/09\/ultraschall.jpg?resize=960%2C640&#038;ssl=1\" alt=\"\" class=\"wp-image-1131\" srcset=\"https:\/\/i0.wp.com\/www.tierarztpraxis-bernauer.de\/wp-content\/uploads\/2022\/09\/ultraschall.jpg?resize=1024%2C683&amp;ssl=1 1024w, https:\/\/i0.wp.com\/www.tierarztpraxis-bernauer.de\/wp-content\/uploads\/2022\/09\/ultraschall.jpg?resize=300%2C200&amp;ssl=1 300w, https:\/\/i0.wp.com\/www.tierarztpraxis-bernauer.de\/wp-content\/uploads\/2022\/09\/ultraschall.jpg?resize=768%2C512&amp;ssl=1 768w, https:\/\/i0.wp.com\/www.tierarztpraxis-bernauer.de\/wp-content\/uploads\/2022\/09\/ultraschall.jpg?resize=1536%2C1024&amp;ssl=1 1536w, https:\/\/i0.wp.com\/www.tierarztpraxis-bernauer.de\/wp-content\/uploads\/2022\/09\/ultraschall.jpg?resize=1140%2C760&amp;ssl=1 1140w, https:\/\/i0.wp.com\/www.tierarztpraxis-bernauer.de\/wp-content\/uploads\/2022\/09\/ultraschall.jpg?w=1680&amp;ssl=1 1680w\" sizes=\"(max-width: 960px) 100vw, 960px\" \/><figcaption class=\"wp-element-caption\"><strong><mark style=\"background-color:rgba(0, 0, 0, 0)\" class=\"has-inline-color has-white-color\">Ultraschall<\/mark><\/strong><\/figcaption><\/figure>\n<\/div>\n<\/div>\n","protected":false},"excerpt":{"rendered":"<p>Wir nutzen digitales R\u00f6ntgen oder unsere Ultraschallger\u00e4te, um zum Beispiel Knochenbr\u00fcche oder innere Erkrankungen zu diagnostizieren.<\/p>\n","protected":false},"author":1,"featured_media":0,"parent":627,"menu_order":0,"comment_status":"closed","ping_status":"closed","template":"","meta":{"advanced_seo_description":"","jetpack_seo_html_title":"","jetpack_seo_noindex":false,"footnotes":""},"class_list":["post-1097","page","type-page","status-publish","hentry"],"jetpack_sharing_enabled":true,"_links":{"self":[{"href":"https:\/\/www.tierarztpraxis-bernauer.de\/index.php?rest_route=\/wp\/v2\/pages\/1097"}],"collection":[{"href":"https:\/\/www.tierarztpraxis-bernauer.de\/index.php?rest_route=\/wp\/v2\/pages"}],"about":[{"href":"https:\/\/www.tierarztpraxis-bernauer.de\/index.php?rest_route=\/wp\/v2\/types\/page"}],"author":[{"embeddable":true,"href":"https:\/\/www.tierarztpraxis-bernauer.de\/index.php?rest_route=\/wp\/v2\/users\/1"}],"replies":[{"embeddable":true,"href":"https:\/\/www.tierarztpraxis-bernauer.de\/index.php?rest_route=%2Fwp%2Fv2%2Fcomments&post=1097"}],"version-history":[{"count":13,"href":"https:\/\/www.tierarztpraxis-bernauer.de\/index.php?rest_route=\/wp\/v2\/pages\/1097\/revisions"}],"predecessor-version":[{"id":1721,"href":"https:\/\/www.tierarztpraxis-bernauer.de\/index.php?rest_route=\/wp\/v2\/pages\/1097\/revisions\/1721"}],"up":[{"embeddable":true,"href":"https:\/\/www.tierarztpraxis-bernauer.de\/index.php?rest_route=\/wp\/v2\/pages\/627"}],"wp:attachment":[{"href":"https:\/\/www.tierarztpraxis-bernauer.de\/index.php?rest_route=%2Fwp%2Fv2%2Fmedia&parent=1097"}],"curies":[{"name":"wp","href":"https:\/\/api.w.org\/{rel}","templated":true}]}}