{"id":1091,"date":"2022-09-21T12:47:15","date_gmt":"2022-09-21T12:47:15","guid":{"rendered":"http:\/\/wp.tierarztpraxis-bernauer.de\/?page_id=1091"},"modified":"2022-09-26T10:11:08","modified_gmt":"2022-09-26T10:11:08","slug":"op","status":"publish","type":"page","link":"https:\/\/www.tierarztpraxis-bernauer.de\/?page_id=1091","title":{"rendered":"OP"},"content":{"rendered":"\n<figure class=\"wp-block-image size-large is-style-default\"><img data-recalc-dims=\"1\" loading=\"lazy\" decoding=\"async\" width=\"960\" height=\"131\" src=\"https:\/\/i0.wp.com\/www.tierarztpraxis-bernauer.de\/wp-content\/uploads\/2022\/09\/fell-kanninchen-orange.jpg?resize=960%2C131&#038;ssl=1\" alt=\"\" class=\"wp-image-1170\" srcset=\"https:\/\/i0.wp.com\/www.tierarztpraxis-bernauer.de\/wp-content\/uploads\/2022\/09\/fell-kanninchen-orange.jpg?resize=1024%2C140&amp;ssl=1 1024w, https:\/\/i0.wp.com\/www.tierarztpraxis-bernauer.de\/wp-content\/uploads\/2022\/09\/fell-kanninchen-orange.jpg?resize=300%2C41&amp;ssl=1 300w, https:\/\/i0.wp.com\/www.tierarztpraxis-bernauer.de\/wp-content\/uploads\/2022\/09\/fell-kanninchen-orange.jpg?resize=768%2C105&amp;ssl=1 768w, https:\/\/i0.wp.com\/www.tierarztpraxis-bernauer.de\/wp-content\/uploads\/2022\/09\/fell-kanninchen-orange.jpg?resize=1140%2C155&amp;ssl=1 1140w, https:\/\/i0.wp.com\/www.tierarztpraxis-bernauer.de\/wp-content\/uploads\/2022\/09\/fell-kanninchen-orange.jpg?w=1504&amp;ssl=1 1504w\" sizes=\"(max-width: 960px) 100vw, 960px\" \/><\/figure>\n\n\n\n<p>Unser OP ist mit einem Inhalationsnarkoseger\u00e4t und Narkose\u00fcberwachungsger\u00e4ten zur \u00dcberpr\u00fcfung der&nbsp;Vitalfunktionen ausgestattet.&nbsp;<\/p>\n\n\n\n<div class=\"wp-block-columns has-background is-layout-flex wp-container-core-columns-is-layout-2 wp-block-columns-is-layout-flex\" style=\"background-color:#695b4914\">\n<div class=\"wp-block-column is-layout-flow wp-block-column-is-layout-flow\" style=\"flex-basis:100%\">\n<div style=\"height:20px\" aria-hidden=\"true\" class=\"wp-block-spacer\"><\/div>\n\n\n\n<h6 class=\"wp-block-heading\">Hier f\u00fchren wir folgende Operationen durch:<\/h6>\n\n\n\n<div class=\"wp-block-columns is-layout-flex wp-container-core-columns-is-layout-1 wp-block-columns-is-layout-flex\">\n<div class=\"wp-block-column is-layout-flow wp-block-column-is-layout-flow\">\n<div style=\"height:30px\" aria-hidden=\"true\" class=\"wp-block-spacer\"><\/div>\n\n\n\n<ul class=\"wp-block-list\"><li>Kastrationen Katze\/Kater<\/li><li>Kastrationen H\u00fcndin\/R\u00fcde<\/li><li>Kastrationen m\u00e4nnliche und weibliche Heimtiere<\/li><li>Zahnsanierungen<\/li><li>diverse Weichteiloperatioenen<\/li><li>Fremdk\u00f6rper-Ops, Harnsteinentfernung u.v.m.<\/li><\/ul>\n<\/div>\n<\/div>\n<\/div>\n<\/div>\n\n\n\n<div class=\"wp-block-columns has-background is-layout-flex wp-container-core-columns-is-layout-3 wp-block-columns-is-layout-flex\" style=\"background-color:#695b4914\">\n<div class=\"wp-block-column is-vertically-aligned-center has-background is-layout-flow wp-block-column-is-layout-flow\" style=\"background-color:#c4d14e;flex-basis:100%\">\n<figure class=\"wp-block-image size-large\"><img data-recalc-dims=\"1\" loading=\"lazy\" decoding=\"async\" width=\"960\" height=\"640\" src=\"https:\/\/i0.wp.com\/www.tierarztpraxis-bernauer.de\/wp-content\/uploads\/2022\/09\/OP.jpg?resize=960%2C640&#038;ssl=1\" alt=\"\" class=\"wp-image-1168\" srcset=\"https:\/\/i0.wp.com\/www.tierarztpraxis-bernauer.de\/wp-content\/uploads\/2022\/09\/OP.jpg?resize=1024%2C683&amp;ssl=1 1024w, https:\/\/i0.wp.com\/www.tierarztpraxis-bernauer.de\/wp-content\/uploads\/2022\/09\/OP.jpg?resize=300%2C200&amp;ssl=1 300w, https:\/\/i0.wp.com\/www.tierarztpraxis-bernauer.de\/wp-content\/uploads\/2022\/09\/OP.jpg?resize=768%2C512&amp;ssl=1 768w, https:\/\/i0.wp.com\/www.tierarztpraxis-bernauer.de\/wp-content\/uploads\/2022\/09\/OP.jpg?resize=1536%2C1024&amp;ssl=1 1536w, https:\/\/i0.wp.com\/www.tierarztpraxis-bernauer.de\/wp-content\/uploads\/2022\/09\/OP.jpg?resize=1140%2C760&amp;ssl=1 1140w, https:\/\/i0.wp.com\/www.tierarztpraxis-bernauer.de\/wp-content\/uploads\/2022\/09\/OP.jpg?w=1680&amp;ssl=1 1680w\" sizes=\"(max-width: 960px) 100vw, 960px\" \/><figcaption><mark style=\"background-color:rgba(0, 0, 0, 0)\" class=\"has-inline-color has-white-color\"><strong>OP<\/strong><\/mark><\/figcaption><\/figure>\n<\/div>\n<\/div>\n","protected":false},"excerpt":{"rendered":"<p>Unser OP ist mit einem Inhalationsnarkoseger\u00e4t und Narkose\u00fcberwachungsger\u00e4ten zur \u00dcberpr\u00fcfung der&nbsp;Vitalfunktionen ausgestattet.&nbsp; Hier f\u00fchren wir folgende Operationen durch: Kastrationen Katze\/Kater Kastrationen H\u00fcndin\/R\u00fcde Kastrationen m\u00e4nnliche und weibliche Heimtiere Zahnsanierungen diverse Weichteiloperatioenen Fremdk\u00f6rper-Ops, Harnsteinentfernung u.v.m.<\/p>\n","protected":false},"author":1,"featured_media":0,"parent":627,"menu_order":0,"comment_status":"closed","ping_status":"closed","template":"","meta":{"advanced_seo_description":"","jetpack_seo_html_title":"","jetpack_seo_noindex":false,"footnotes":""},"class_list":["post-1091","page","type-page","status-publish","hentry"],"jetpack_sharing_enabled":true,"_links":{"self":[{"href":"https:\/\/www.tierarztpraxis-bernauer.de\/index.php?rest_route=\/wp\/v2\/pages\/1091"}],"collection":[{"href":"https:\/\/www.tierarztpraxis-bernauer.de\/index.php?rest_route=\/wp\/v2\/pages"}],"about":[{"href":"https:\/\/www.tierarztpraxis-bernauer.de\/index.php?rest_route=\/wp\/v2\/types\/page"}],"author":[{"embeddable":true,"href":"https:\/\/www.tierarztpraxis-bernauer.de\/index.php?rest_route=\/wp\/v2\/users\/1"}],"replies":[{"embeddable":true,"href":"https:\/\/www.tierarztpraxis-bernauer.de\/index.php?rest_route=%2Fwp%2Fv2%2Fcomments&post=1091"}],"version-history":[{"count":3,"href":"https:\/\/www.tierarztpraxis-bernauer.de\/index.php?rest_route=\/wp\/v2\/pages\/1091\/revisions"}],"predecessor-version":[{"id":1171,"href":"https:\/\/www.tierarztpraxis-bernauer.de\/index.php?rest_route=\/wp\/v2\/pages\/1091\/revisions\/1171"}],"up":[{"embeddable":true,"href":"https:\/\/www.tierarztpraxis-bernauer.de\/index.php?rest_route=\/wp\/v2\/pages\/627"}],"wp:attachment":[{"href":"https:\/\/www.tierarztpraxis-bernauer.de\/index.php?rest_route=%2Fwp%2Fv2%2Fmedia&parent=1091"}],"curies":[{"name":"wp","href":"https:\/\/api.w.org\/{rel}","templated":true}]}}